{"id":2892,"date":"2020-01-22T22:28:47","date_gmt":"2020-01-22T22:28:47","guid":{"rendered":"https:\/\/orthodontieaandemaas.nl\/?page_id=2892"},"modified":"2021-11-07T04:47:39","modified_gmt":"2021-11-07T04:47:39","slug":"life-with-braces","status":"publish","type":"page","link":"https:\/\/orthodontieaandemaas.nl\/nl\/treatments\/traditional-braces\/life-with-braces\/","title":{"rendered":"Leven met beugels"},"content":{"rendered":"<div id=\"pl-2892\"  class=\"panel-layout\" ><div id=\"pg-2892-0\"  class=\"panel-grid panel-has-style\" ><div class=\"divider-no-animation tablet-1-in-row mobile-1-in-row desktop-default panel-row-style panel-row-style-for-2892-0\" ><div id=\"pgc-2892-0-0\"  class=\"panel-grid-cell\" ><div id=\"panel-2892-0-0-0\" class=\"so-panel widget widget_orion_heading_w panel-first-child\" data-index=\"0\" ><div class=\"orion mobile-text-center tablets-text-center default panel-widget-style panel-widget-style-for-2892-0-0-0\" ><div\n\t\t\t\n\t\t\tclass=\"so-widget-orion_heading_w so-widget-orion_heading_w-base\"\n\t\t\t\n\t\t> \r\n\t\t\t<div class=\"row orion-heading\" style=\"margin-bottom:0px;\">\r\n\t\t<div class=\"col-md-12  separator-style-1 text-left style-h6 style-primary-color\">\r\n\t\t\t<h6 class=\"primary-color\">\r\n\t\t\t\tTraditionele brackets\t\t\t<\/h6>\r\n\t\t<\/div>\r\n\t<\/div>\r\n\r\n\t<\/div><\/div><\/div><div id=\"panel-2892-0-0-1\" class=\"so-panel widget widget_orion_heading_w\" data-index=\"1\" ><div class=\"orion mobile-text-center tablets-text-center default panel-widget-style panel-widget-style-for-2892-0-0-1\" ><div\n\t\t\t\n\t\t\tclass=\"so-widget-orion_heading_w so-widget-orion_heading_w-base\"\n\t\t\t\n\t\t> \r\n\t\t\t<div class=\"row orion-heading\" style=\"margin-bottom:0px;\">\r\n\t\t<div class=\"col-md-12   text-left style-h2 style-text-dark\">\r\n\t\t\t<h2 class=\"text-dark\">\r\n\t\t\t\tLeven met beugels\t\t\t<\/h2>\r\n\t\t<\/div>\r\n\t<\/div>\r\n\r\n\t<\/div><\/div><\/div><div id=\"panel-2892-0-0-2\" class=\"so-panel widget widget_sow-editor panel-last-child\" data-index=\"2\" ><div class=\"orion mobile-text-center tablets-text-center default panel-widget-style panel-widget-style-for-2892-0-0-2\" ><div\n\t\t\t\n\t\t\tclass=\"so-widget-sow-editor so-widget-sow-editor-base\"\n\t\t\t\n\t\t>\n<div class=\"siteorigin-widget-tinymce textwidget\">\n\t<p>Nu je je beugel hebt, hoe verzorg je ze dan? Het is belangrijk dat u weet hoe u uw beugel goed kunt verzorgen tijdens uw gehele orthodontische behandeling.<\/p>\n<\/div>\n<\/div><\/div><\/div><\/div><div id=\"pgc-2892-0-1\"  class=\"panel-grid-cell\" ><div id=\"panel-2892-0-1-0\" class=\"so-panel widget widget_orion_image_w panel-first-child panel-last-child\" data-index=\"3\" ><div class=\"orion mobile-text-center tablets-text-center default panel-widget-style panel-widget-style-for-2892-0-1-0\" ><div\n\t\t\t\n\t\t\tclass=\"so-widget-orion_image_w so-widget-orion_image_w-base\"\n\t\t\t\n\t\t>\r\n<div class=\"image-w relative rounded\">\r\n\r\n\t\t\t\t\t\t\t<div class=\"orion_circle image-wrap rounded overlay-none overlay-hover-none\">\r\n\t\t\r\n\t\t\t\t<div class=\"circle-wrap\">\r\n\t\t\t\t\t<img loading=\"lazy\" decoding=\"async\" width=\"750\" height=\"596\" src=\"https:\/\/orthodontieaandemaas.nl\/wp-content\/uploads\/2020\/01\/group-of-diverse-kindergarten-1260X600-750x596.jpg\" class=\"attachment-orion_square size-orion_square\" alt=\"\" \/>\t\t\t<div class=\"overlay\"><\/div>\r\n\t\t\t\t<\/div>\r\n\t\t\r\n\t\t\t\t\t<\/div>\r\n\t\t\t\r\n\t\r\n\t<div class=\"absolute\">\r\n\t\t<div class=\"hover-desc table-wrap\">\r\n\t\t\t<div class=\"cell-wrap\">\r\n\t\t\t\t<h4 class=\"text-light\"><\/h4>\r\n\t\t\t<\/div>\r\n\t\t<\/div>\r\n\t<\/div>\t\t\t\t\t\r\n<\/div>\r\n\r\n<\/div><\/div><\/div><\/div><\/div><\/div><div id=\"pg-2892-1\"  class=\"panel-grid panel-has-style\" ><div class=\"divider-no-animation tablet-default mobile-1-in-row desktop-default panel-row-style panel-row-style-for-2892-1\" ><div id=\"pgc-2892-1-0\"  class=\"panel-grid-cell\" ><div id=\"panel-2892-1-0-0\" class=\"so-panel widget widget_orion_heading_w panel-first-child\" data-index=\"4\" ><div class=\"orion mobile-text-center tablets-text-center default panel-widget-style panel-widget-style-for-2892-1-0-0\" ><div\n\t\t\t\n\t\t\tclass=\"so-widget-orion_heading_w so-widget-orion_heading_w-base\"\n\t\t\t\n\t\t> \r\n\t\t\t<div class=\"row orion-heading\" style=\"margin-bottom:0px;\">\r\n\t\t<div class=\"col-md-12   text-left style-h2 style-text-dark\">\r\n\t\t\t<h2 class=\"text-dark\">\r\n\t\t\t\tLeven met beugels\t\t\t<\/h2>\r\n\t\t<\/div>\r\n\t<\/div>\r\n\r\n\t<\/div><\/div><\/div><div id=\"panel-2892-1-0-1\" class=\"so-panel widget widget_sow-editor panel-last-child\" data-index=\"5\" ><div class=\"orion custom mobile-text-center tablets-text-center default panel-widget-style panel-widget-style-for-2892-1-0-1\" ><div\n\t\t\t\n\t\t\tclass=\"so-widget-sow-editor so-widget-sow-editor-base\"\n\t\t\t\n\t\t>\n<div class=\"siteorigin-widget-tinymce textwidget\">\n\t<h2>Eten met een beugel<\/h2>\n<p>Maak je geen zorgen, je zult in een mum van tijd. Bijna alles weer kunnen eten!<\/p>\n<h2>Te vermijden voedingsmiddelen met een beugel:<\/h2>\n<ul>\n<li>Suiker in frisdranken zoals Ice Tea kunnen makkelijk gaatjes veroorzaken.<\/li>\n<li>Vlees van het bot afkluiven is geen goed idee.<\/li>\n<li>Kleverig voedsel - karamelsnoepjes, kauwgom, drop.<\/li>\n<li>Hard voedsel - noten, harde snoepjes, lolly\u2019s.<\/li>\n<li>Voedingsmiddelen afbijten - appels, wortels, harde  broodjes.<\/li>\n<\/ul>\n<h2>Pijn veroorzaakt door beugels en apparaten<\/h2>\n<p>Wanneer u voor het eerst uw beugel krijgt, merkt u misschien dat uw tanden en mond een beetje pijnlijk aanvoelen. Dit is volkomen normaal en we beloven dat je tanden niet voor altijd pijnlijk zal zijn! Om de pijn te verlichten, raden we aan een theelepel zout op te lossen in acht ons lauw water.<\/p>\n<p>Als de pijn heviger is en niet weggaat na het spoelen, kunt u ook proberen een pijnstiller te nemen. Het is ook niet ongebruikelijk dat uw lippen, wangen en tong gedurende \u00e9\u00e9n tot twee weken ge\u00efrriteerd raken als ze harder worden en wennen aan de beugel. We geven je graag wat wax die je over de beugel kunt doen om de gevoeligheid te verminderen. Als je wax nodig hebt, laat het ons dan weten.<\/p>\n<h2>Losse tanden<\/h2>\n<p>Als je tanden een beetje los beginnen te voelen, maak je geen zorgen; dit is normaal! Uw beugel moet eerst uw tanden losmaken om ze in de juiste positie te krijgen. Als uw tanden eenmaal zijn verplaatst, zitten ze niet meer los.<\/p>\n<h2>Losse draden en banden<\/h2>\n<p>De draden en banden van uw beugel kunnen losraken. Neem in dat geval zo snel mogelijk contact met ons op, zodat we uw apparaat kunnen controleren en repareren. Als er een onderdeel van uw apparaat losraakt, bewaar het dan en neem het mee naar kantoor.<\/p>\n<p>Als de losse draad irritatie aan uw lippen of wangen veroorzaakt, doe dan was of een nat watje over de gebroken draad om de pijn te verlichten.<\/p>\n<h2>Zorg voor uw apparaten<\/h2>\n<p>Beschadigde apparaten kunnen de duur van uw behandelingsproces verlengen, dus zorg goed voor al uw apparaten. Uw tanden en kaak kunnen alleen in de juiste positie komen als u consequent de elastiekjes, hoofddeksels, houder of andere hulpmiddelen draagt die door uw arts zijn voorgeschreven.<\/p>\n<h2>Sporten met een beugel<\/h2>\n<p>Game, Set, Match - we hebben geweldig nieuws voor sporters! Ook tijdens een orthodontische behandeling kunt u nog sporten! Als u aan sport doet, is het raadzaam een gebitsbeschermer te dragen om uw tanden en uw apparaat te beschermen. Laat het uw arts weten als u hulp nodig heeft bij het vinden van de juiste gebitsbeschermer voor de beste bescherming.<\/p>\n<p>Controleer bij een sportnoodgeval onmiddellijk uw mond en apparaat op beschadigingen. Als u losse tanden of beschadiging van het apparaat constateert, neem dan direct contact op met ons kantoor. U kunt het ongemak tijdelijk verlichten door wax aan te brengen.<\/p>\n<\/div>\n<\/div><\/div><\/div><\/div><\/div><\/div><div id=\"pg-2892-2\"  class=\"panel-grid panel-has-style\" ><div class=\"divider-no-animation tablet-default mobile-1-in-row desktop-default panel-row-style panel-row-style-for-2892-2\" ><div id=\"pgc-2892-2-0\"  class=\"panel-grid-cell\" ><div id=\"panel-2892-2-0-0\" class=\"so-panel widget widget_orion_button_w panel-first-child panel-last-child\" data-index=\"6\" ><div class=\"orion default panel-widget-style panel-widget-style-for-2892-2-0-0\" ><div\n\t\t\t\n\t\t\tclass=\"so-widget-orion_button_w so-widget-orion_button_w-base\"\n\t\t\t\n\t\t>\r\n\t\t\t<a class=\"btn btn-c1 btn-flat btn-md\"  href=\"\/nl\/services\/traditional-braces\/lingual-braces\/\"\r\n\t\t\t   \t\t>\r\n\t\t\tlinguale beugels\t\t\r\n\t\t<\/a>\r\n\t\r\n<\/div><\/div><\/div><\/div><div id=\"pgc-2892-2-1\"  class=\"panel-grid-cell\" ><div id=\"panel-2892-2-1-0\" class=\"so-panel widget widget_orion_button_w panel-first-child panel-last-child\" data-index=\"7\" ><div class=\"orion default panel-widget-style panel-widget-style-for-2892-2-1-0\" ><div\n\t\t\t\n\t\t\tclass=\"so-widget-orion_button_w so-widget-orion_button_w-base\"\n\t\t\t\n\t\t>\r\n\t\t\t<a class=\"btn btn-c1 btn-flat btn-md\"  href=\"\/nl\/services\/traditional-braces\/ceramic-braces\/\"\r\n\t\t\t   \t\t>\r\n\t\t\tKeramische beugels\t\t\r\n\t\t<\/a>\r\n\t\r\n<\/div><\/div><\/div><\/div><div id=\"pgc-2892-2-2\"  class=\"panel-grid-cell\" ><div id=\"panel-2892-2-2-0\" class=\"so-panel widget widget_orion_button_w panel-first-child panel-last-child\" data-index=\"8\" ><div class=\"orion default panel-widget-style panel-widget-style-for-2892-2-2-0\" ><div\n\t\t\t\n\t\t\tclass=\"so-widget-orion_button_w so-widget-orion_button_w-base\"\n\t\t\t\n\t\t>\r\n\t\t\t<a class=\"btn btn-c1 btn-flat btn-md\"  href=\"\/nl\/services\/traditional-braces\/cost-of-traditional-braces\/\"\r\n\t\t\t   \t\t>\r\n\t\t\tKosten van traditionele beugels\t\t\r\n\t\t<\/a>\r\n\t\r\n<\/div><\/div><\/div><\/div><div id=\"pgc-2892-2-3\"  class=\"panel-grid-cell\" ><div id=\"panel-2892-2-3-0\" class=\"so-panel widget widget_orion_button_w panel-first-child panel-last-child\" data-index=\"9\" ><div class=\"orion default panel-widget-style panel-widget-style-for-2892-2-3-0\" ><div\n\t\t\t\n\t\t\tclass=\"so-widget-orion_button_w so-widget-orion_button_w-base\"\n\t\t\t\n\t\t>\r\n\t\t\t<a class=\"btn btn-c1 btn-flat btn-md\"  href=\"\/nl\/services\/traditional-braces\/life-with-braces\/\"\r\n\t\t\t   \t\t>\r\n\t\t\tLeven met beugels\t\t\r\n\t\t<\/a>\r\n\t\r\n<\/div><\/div><\/div><\/div><div id=\"pgc-2892-2-4\"  class=\"panel-grid-cell\" ><div id=\"panel-2892-2-4-0\" class=\"so-panel widget widget_orion_button_w panel-first-child panel-last-child\" data-index=\"10\" ><div class=\"orion default panel-widget-style panel-widget-style-for-2892-2-4-0\" ><div\n\t\t\t\n\t\t\tclass=\"so-widget-orion_button_w so-widget-orion_button_w-base\"\n\t\t\t\n\t\t>\r\n\t\t\t<a class=\"btn btn-c1 btn-flat btn-md\"  href=\"\/nl\/services\/traditional-braces\/brush-and-flossing\/\"\r\n\t\t\t   \t\t>\r\n\t\t\tPoetsen en flossen\t\t\r\n\t\t<\/a>\r\n\t\r\n<\/div><\/div><\/div><\/div><\/div><\/div><\/div>","protected":false},"excerpt":{"rendered":"<p>Familietandheelkunde is voor pati\u00ebnten van alle leeftijden en biedt complete, uitgebreide tandheelkundige zorg.<\/p>","protected":false},"author":1,"featured_media":2879,"parent":2872,"menu_order":0,"comment_status":"closed","ping_status":"closed","template":"","meta":{"_coblocks_attr":"","_coblocks_dimensions":"","_coblocks_responsive_height":"","_coblocks_accordion_ie_support":"","footnotes":""},"class_list":["post-2892","page","type-page","status-publish","has-post-thumbnail","hentry"],"_links":{"self":[{"href":"https:\/\/orthodontieaandemaas.nl\/nl\/wp-json\/wp\/v2\/pages\/2892","targetHints":{"allow":["GET"]}}],"collection":[{"href":"https:\/\/orthodontieaandemaas.nl\/nl\/wp-json\/wp\/v2\/pages"}],"about":[{"href":"https:\/\/orthodontieaandemaas.nl\/nl\/wp-json\/wp\/v2\/types\/page"}],"author":[{"embeddable":true,"href":"https:\/\/orthodontieaandemaas.nl\/nl\/wp-json\/wp\/v2\/users\/1"}],"replies":[{"embeddable":true,"href":"https:\/\/orthodontieaandemaas.nl\/nl\/wp-json\/wp\/v2\/comments?post=2892"}],"version-history":[{"count":8,"href":"https:\/\/orthodontieaandemaas.nl\/nl\/wp-json\/wp\/v2\/pages\/2892\/revisions"}],"predecessor-version":[{"id":3603,"href":"https:\/\/orthodontieaandemaas.nl\/nl\/wp-json\/wp\/v2\/pages\/2892\/revisions\/3603"}],"up":[{"embeddable":true,"href":"https:\/\/orthodontieaandemaas.nl\/nl\/wp-json\/wp\/v2\/pages\/2872"}],"wp:featuredmedia":[{"embeddable":true,"href":"https:\/\/orthodontieaandemaas.nl\/nl\/wp-json\/wp\/v2\/media\/2879"}],"wp:attachment":[{"href":"https:\/\/orthodontieaandemaas.nl\/nl\/wp-json\/wp\/v2\/media?parent=2892"}],"curies":[{"name":"wp","href":"https:\/\/api.w.org\/{rel}","templated":true}]}}