{"id":2889,"date":"2020-01-22T22:25:20","date_gmt":"2020-01-22T22:25:20","guid":{"rendered":"https:\/\/orthodontieaandemaas.nl\/?page_id=2889"},"modified":"2021-09-30T01:04:04","modified_gmt":"2021-09-30T01:04:04","slug":"cost-of-traditional-braces","status":"publish","type":"page","link":"https:\/\/orthodontieaandemaas.nl\/nl\/treatments\/traditional-braces\/cost-of-traditional-braces\/","title":{"rendered":"Kosten van traditionele beugels"},"content":{"rendered":"<div id=\"pl-2889\"  class=\"panel-layout\" ><div id=\"pg-2889-0\"  class=\"panel-grid panel-has-style\" ><div class=\"divider-no-animation tablet-1-in-row mobile-1-in-row desktop-default panel-row-style panel-row-style-for-2889-0\" ><div id=\"pgc-2889-0-0\"  class=\"panel-grid-cell\" ><div id=\"panel-2889-0-0-0\" class=\"so-panel widget widget_orion_heading_w panel-first-child\" data-index=\"0\" ><div class=\"orion mobile-text-center tablets-text-center default panel-widget-style panel-widget-style-for-2889-0-0-0\" ><div\n\t\t\t\n\t\t\tclass=\"so-widget-orion_heading_w so-widget-orion_heading_w-base\"\n\t\t\t\n\t\t> \r\n\t\t\t<div class=\"row orion-heading\" style=\"margin-bottom:0px;\">\r\n\t\t<div class=\"col-md-12  separator-style-1 text-left style-h6 style-primary-color\">\r\n\t\t\t<h6 class=\"primary-color\">\r\n\t\t\t\tTraditionele brackets\t\t\t<\/h6>\r\n\t\t<\/div>\r\n\t<\/div>\r\n\r\n\t<\/div><\/div><\/div><div id=\"panel-2889-0-0-1\" class=\"so-panel widget widget_orion_heading_w\" data-index=\"1\" ><div class=\"orion mobile-text-center tablets-text-center default panel-widget-style panel-widget-style-for-2889-0-0-1\" ><div\n\t\t\t\n\t\t\tclass=\"so-widget-orion_heading_w so-widget-orion_heading_w-base\"\n\t\t\t\n\t\t> \r\n\t\t\t<div class=\"row orion-heading\" style=\"margin-bottom:0px;\">\r\n\t\t<div class=\"col-md-12   text-left style-h2 style-text-dark\">\r\n\t\t\t<h2 class=\"text-dark\">\r\n\t\t\t\tKosten van traditionele beugels\t\t\t<\/h2>\r\n\t\t<\/div>\r\n\t<\/div>\r\n\r\n\t<\/div><\/div><\/div><div id=\"panel-2889-0-0-2\" class=\"so-panel widget widget_sow-editor panel-last-child\" data-index=\"2\" ><div class=\"orion mobile-text-center tablets-text-center default panel-widget-style panel-widget-style-for-2889-0-0-2\" ><div\n\t\t\t\n\t\t\tclass=\"so-widget-sow-editor so-widget-sow-editor-base\"\n\t\t\t\n\t\t>\n<div class=\"siteorigin-widget-tinymce textwidget\">\n\t<p>Hoewel een beugel een aanzienlijke investering vergen, zijn mooie tanden onbetaalbaar! Een beugel verbetert je glimlach, je mondgezondheid en functie, en geeft je zelfrespect en zelfvertrouwen een boost.<\/p>\n<\/div>\n<\/div><\/div><\/div><\/div><div id=\"pgc-2889-0-1\"  class=\"panel-grid-cell\" ><div id=\"panel-2889-0-1-0\" class=\"so-panel widget widget_orion_image_w panel-first-child panel-last-child\" data-index=\"3\" ><div class=\"orion mobile-text-center tablets-text-center default panel-widget-style panel-widget-style-for-2889-0-1-0\" ><div\n\t\t\t\n\t\t\tclass=\"so-widget-orion_image_w so-widget-orion_image_w-base\"\n\t\t\t\n\t\t>\r\n<div class=\"image-w relative rounded\">\r\n\r\n\t\t\t\t\t\t\t<div class=\"orion_circle image-wrap rounded overlay-none overlay-hover-none\">\r\n\t\t\r\n\t\t\t\t<div class=\"circle-wrap\">\r\n\t\t\t\t\t<img loading=\"lazy\" decoding=\"async\" width=\"750\" height=\"596\" src=\"https:\/\/orthodontieaandemaas.nl\/wp-content\/uploads\/2020\/01\/group-of-diverse-kindergarten-1260X600-750x596.jpg\" class=\"attachment-orion_square size-orion_square\" alt=\"\" \/>\t\t\t<div class=\"overlay\"><\/div>\r\n\t\t\t\t<\/div>\r\n\t\t\r\n\t\t\t\t\t<\/div>\r\n\t\t\t\r\n\t\r\n\t<div class=\"absolute\">\r\n\t\t<div class=\"hover-desc table-wrap\">\r\n\t\t\t<div class=\"cell-wrap\">\r\n\t\t\t\t<h4 class=\"text-light\"><\/h4>\r\n\t\t\t<\/div>\r\n\t\t<\/div>\r\n\t<\/div>\t\t\t\t\t\r\n<\/div>\r\n\r\n<\/div><\/div><\/div><\/div><\/div><\/div><div id=\"pg-2889-1\"  class=\"panel-grid panel-has-style\" ><div class=\"divider-no-animation tablet-default mobile-1-in-row desktop-default panel-row-style panel-row-style-for-2889-1\" ><div id=\"pgc-2889-1-0\"  class=\"panel-grid-cell\" ><div id=\"panel-2889-1-0-0\" class=\"so-panel widget widget_orion_heading_w panel-first-child\" data-index=\"4\" ><div class=\"orion mobile-text-center tablets-text-center default panel-widget-style panel-widget-style-for-2889-1-0-0\" ><div\n\t\t\t\n\t\t\tclass=\"so-widget-orion_heading_w so-widget-orion_heading_w-base\"\n\t\t\t\n\t\t> \r\n\t\t\t<div class=\"row orion-heading\" style=\"margin-bottom:0px;\">\r\n\t\t<div class=\"col-md-12   text-left style-h2 style-text-dark\">\r\n\t\t\t<h2 class=\"text-dark\">\r\n\t\t\t\tKosten van traditionele beugels\t\t\t<\/h2>\r\n\t\t<\/div>\r\n\t<\/div>\r\n\r\n\t<\/div><\/div><\/div><div id=\"panel-2889-1-0-1\" class=\"so-panel widget widget_sow-editor panel-last-child\" data-index=\"5\" ><div class=\"orion custom mobile-text-center tablets-text-center default panel-widget-style panel-widget-style-for-2889-1-0-1\" ><div\n\t\t\t\n\t\t\tclass=\"so-widget-sow-editor so-widget-sow-editor-base\"\n\t\t\t\n\t\t>\n<div class=\"siteorigin-widget-tinymce textwidget\">\n\t<div class=\"entry\">\n<p>Traditionele metalen beugels zijn de goedkoopste optie voor orthodontische rechtzetten van uw tanden en kaak. De kosten vari\u00ebren van pati\u00ebnt tot pati\u00ebnt, afhankelijk van de complexiteit van het individuele geval, de duur van uw behandeling, het gekozen type beugel en uw locatie. Een orthodontische behandeling wordt speciaal gepersonaliseerd op basis van uw behoeften en de duur van de behandeling. Meestal worden metalen beugels ongeveer 2 jaar gedragen.<\/p>\n<p>Metalen beugels zijn zeer effici\u00ebnt, effectief en betaalbaar.<\/p>\n<p>Deze kosten kunnen oplopen als de pati\u00ebnt zijn tanden niet schoon houdt, wat kan leiden tot gaatjes en tandvleesaandoeningen. Dan verhogen de totale kosten van het behandelen van deze gebitsproblemen de totale kosten van uw nieuwe glimlach. Het is dus in uw eigen belang om de instructies van uw orthodontist op te volgen.<\/p>\n<p>Bij Orthodontie aan de Maas in Venlo &amp; Panningen kunt u een betere inschatting van de kosten krijgen door voor een consult langs te gaan bij de orthodontist. Zij zullen een onderzoek en evaluatie uitvoeren om uw behandelingsopties te bepalen, rekening houdend met alle financi\u00eble factoren die erbij betrokken zijn.<\/p>\n<p>Als u uit eigen zak betaalt, zullen we met u samenwerken om een plan op te stellen dat past bij uw budget, zodat u weet wat u kunt verwachten voordat de behandeling begint. De medewerkers van Orthodontie aan de Maas in Venlo &amp; Panningen zijn zeer deskundig en beschikbaar om de kosten van uw behandelingen en de mogelijke betalingsmogelijkheden te bespreken.<\/p>\n<p>Verder informaties over de kosten vindt u bij prijzen op onze website.<\/p>\n<p>Uw glimlach is voor altijd en we willen het u zo gemakkelijk mogelijk maken om de beste orthodontische zorg in Venlo &amp; Panningen te krijgen. Neem vandaag nog contact op met Orthodontie aan de Maas voor al uw mogelijkheden voor een mooie, gezonde glimlach.<\/p>\n<\/div>\n<\/div>\n<\/div><\/div><\/div><\/div><\/div><\/div><div id=\"pg-2889-2\"  class=\"panel-grid panel-has-style\" ><div class=\"divider-no-animation tablet-default mobile-1-in-row desktop-default panel-row-style panel-row-style-for-2889-2\" ><div id=\"pgc-2889-2-0\"  class=\"panel-grid-cell\" ><div id=\"panel-2889-2-0-0\" class=\"so-panel widget widget_orion_button_w panel-first-child panel-last-child\" data-index=\"6\" ><div class=\"orion default panel-widget-style panel-widget-style-for-2889-2-0-0\" ><div\n\t\t\t\n\t\t\tclass=\"so-widget-orion_button_w so-widget-orion_button_w-base\"\n\t\t\t\n\t\t>\r\n\t\t\t<a class=\"btn btn-c1 btn-flat btn-md\"  href=\"\/nl\/services\/traditional-braces\/lingual-braces\/\"\r\n\t\t\t   \t\t>\r\n\t\t\tlinguale beugels\t\t\r\n\t\t<\/a>\r\n\t\r\n<\/div><\/div><\/div><\/div><div id=\"pgc-2889-2-1\"  class=\"panel-grid-cell\" ><div id=\"panel-2889-2-1-0\" class=\"so-panel widget widget_orion_button_w panel-first-child panel-last-child\" data-index=\"7\" ><div class=\"orion default panel-widget-style panel-widget-style-for-2889-2-1-0\" ><div\n\t\t\t\n\t\t\tclass=\"so-widget-orion_button_w so-widget-orion_button_w-base\"\n\t\t\t\n\t\t>\r\n\t\t\t<a class=\"btn btn-c1 btn-flat btn-md\"  href=\"\/nl\/services\/traditional-braces\/ceramic-braces\/\"\r\n\t\t\t   \t\t>\r\n\t\t\tKeramische beugels\t\t\r\n\t\t<\/a>\r\n\t\r\n<\/div><\/div><\/div><\/div><div id=\"pgc-2889-2-2\"  class=\"panel-grid-cell\" ><div id=\"panel-2889-2-2-0\" class=\"so-panel widget widget_orion_button_w panel-first-child panel-last-child\" data-index=\"8\" ><div class=\"orion default panel-widget-style panel-widget-style-for-2889-2-2-0\" ><div\n\t\t\t\n\t\t\tclass=\"so-widget-orion_button_w so-widget-orion_button_w-base\"\n\t\t\t\n\t\t>\r\n\t\t\t<a class=\"btn btn-c1 btn-flat btn-md\"  href=\"\/nl\/services\/traditional-braces\/cost-of-traditional-braces\/\"\r\n\t\t\t   \t\t>\r\n\t\t\tKosten van traditionele beugels\t\t\r\n\t\t<\/a>\r\n\t\r\n<\/div><\/div><\/div><\/div><div id=\"pgc-2889-2-3\"  class=\"panel-grid-cell\" ><div id=\"panel-2889-2-3-0\" class=\"so-panel widget widget_orion_button_w panel-first-child panel-last-child\" data-index=\"9\" ><div class=\"orion default panel-widget-style panel-widget-style-for-2889-2-3-0\" ><div\n\t\t\t\n\t\t\tclass=\"so-widget-orion_button_w so-widget-orion_button_w-base\"\n\t\t\t\n\t\t>\r\n\t\t\t<a class=\"btn btn-c1 btn-flat btn-md\"  href=\"\/nl\/services\/traditional-braces\/life-with-braces\/\"\r\n\t\t\t   \t\t>\r\n\t\t\tLeven met beugels\t\t\r\n\t\t<\/a>\r\n\t\r\n<\/div><\/div><\/div><\/div><div id=\"pgc-2889-2-4\"  class=\"panel-grid-cell\" ><div id=\"panel-2889-2-4-0\" class=\"so-panel widget widget_orion_button_w panel-first-child panel-last-child\" data-index=\"10\" ><div class=\"orion default panel-widget-style panel-widget-style-for-2889-2-4-0\" ><div\n\t\t\t\n\t\t\tclass=\"so-widget-orion_button_w so-widget-orion_button_w-base\"\n\t\t\t\n\t\t>\r\n\t\t\t<a class=\"btn btn-c1 btn-flat btn-md\"  href=\"\/nl\/services\/traditional-braces\/brush-and-flossing\/\"\r\n\t\t\t   \t\t>\r\n\t\t\tPoetsen en flossen\t\t\r\n\t\t<\/a>\r\n\t\r\n<\/div><\/div><\/div><\/div><\/div><\/div><\/div>","protected":false},"excerpt":{"rendered":"<p>Familietandheelkunde is voor pati\u00ebnten van alle leeftijden en biedt complete, uitgebreide tandheelkundige zorg.<\/p>","protected":false},"author":1,"featured_media":2879,"parent":2872,"menu_order":0,"comment_status":"closed","ping_status":"closed","template":"","meta":{"_coblocks_attr":"","_coblocks_dimensions":"","_coblocks_responsive_height":"","_coblocks_accordion_ie_support":"","footnotes":""},"class_list":["post-2889","page","type-page","status-publish","has-post-thumbnail","hentry"],"_links":{"self":[{"href":"https:\/\/orthodontieaandemaas.nl\/nl\/wp-json\/wp\/v2\/pages\/2889","targetHints":{"allow":["GET"]}}],"collection":[{"href":"https:\/\/orthodontieaandemaas.nl\/nl\/wp-json\/wp\/v2\/pages"}],"about":[{"href":"https:\/\/orthodontieaandemaas.nl\/nl\/wp-json\/wp\/v2\/types\/page"}],"author":[{"embeddable":true,"href":"https:\/\/orthodontieaandemaas.nl\/nl\/wp-json\/wp\/v2\/users\/1"}],"replies":[{"embeddable":true,"href":"https:\/\/orthodontieaandemaas.nl\/nl\/wp-json\/wp\/v2\/comments?post=2889"}],"version-history":[{"count":6,"href":"https:\/\/orthodontieaandemaas.nl\/nl\/wp-json\/wp\/v2\/pages\/2889\/revisions"}],"predecessor-version":[{"id":3495,"href":"https:\/\/orthodontieaandemaas.nl\/nl\/wp-json\/wp\/v2\/pages\/2889\/revisions\/3495"}],"up":[{"embeddable":true,"href":"https:\/\/orthodontieaandemaas.nl\/nl\/wp-json\/wp\/v2\/pages\/2872"}],"wp:featuredmedia":[{"embeddable":true,"href":"https:\/\/orthodontieaandemaas.nl\/nl\/wp-json\/wp\/v2\/media\/2879"}],"wp:attachment":[{"href":"https:\/\/orthodontieaandemaas.nl\/nl\/wp-json\/wp\/v2\/media?parent=2889"}],"curies":[{"name":"wp","href":"https:\/\/api.w.org\/{rel}","templated":true}]}}