{"id":2876,"date":"2020-01-22T21:30:12","date_gmt":"2020-01-22T21:30:12","guid":{"rendered":"https:\/\/orthodontieaandemaas.nl\/?page_id=2876"},"modified":"2021-09-30T00:59:33","modified_gmt":"2021-09-30T00:59:33","slug":"lingual-braces","status":"publish","type":"page","link":"https:\/\/orthodontieaandemaas.nl\/nl\/treatments\/traditional-braces\/lingual-braces\/","title":{"rendered":"linguale beugels"},"content":{"rendered":"<div id=\"pl-2876\"  class=\"panel-layout\" ><div id=\"pg-2876-0\"  class=\"panel-grid panel-has-style\" ><div class=\"divider-no-animation tablet-1-in-row mobile-1-in-row desktop-default panel-row-style panel-row-style-for-2876-0\" ><div id=\"pgc-2876-0-0\"  class=\"panel-grid-cell\" ><div id=\"panel-2876-0-0-0\" class=\"so-panel widget widget_orion_heading_w panel-first-child\" data-index=\"0\" ><div class=\"orion mobile-text-center tablets-text-center default panel-widget-style panel-widget-style-for-2876-0-0-0\" ><div\n\t\t\t\n\t\t\tclass=\"so-widget-orion_heading_w so-widget-orion_heading_w-base\"\n\t\t\t\n\t\t> \r\n\t\t\t<div class=\"row orion-heading\" style=\"margin-bottom:0px;\">\r\n\t\t<div class=\"col-md-12  separator-style-1 text-left style-h6 style-primary-color\">\r\n\t\t\t<h6 class=\"primary-color\">\r\n\t\t\t\tTraditionele brackets\t\t\t<\/h6>\r\n\t\t<\/div>\r\n\t<\/div>\r\n\r\n\t<\/div><\/div><\/div><div id=\"panel-2876-0-0-1\" class=\"so-panel widget widget_orion_heading_w\" data-index=\"1\" ><div class=\"orion mobile-text-center tablets-text-center default panel-widget-style panel-widget-style-for-2876-0-0-1\" ><div\n\t\t\t\n\t\t\tclass=\"so-widget-orion_heading_w so-widget-orion_heading_w-base\"\n\t\t\t\n\t\t> \r\n\t\t\t<div class=\"row orion-heading\" style=\"margin-bottom:0px;\">\r\n\t\t<div class=\"col-md-12   text-left style-h2 style-text-dark\">\r\n\t\t\t<h2 class=\"text-dark\">\r\n\t\t\t\tlinguale beugels\t\t\t<\/h2>\r\n\t\t<\/div>\r\n\t<\/div>\r\n\r\n\t<\/div><\/div><\/div><div id=\"panel-2876-0-0-2\" class=\"so-panel widget widget_sow-editor panel-last-child\" data-index=\"2\" ><div class=\"orion custom mobile-text-center tablets-text-center default panel-widget-style panel-widget-style-for-2876-0-0-2\" ><div\n\t\t\t\n\t\t\tclass=\"so-widget-sow-editor so-widget-sow-editor-base\"\n\t\t\t\n\t\t>\n<div class=\"siteorigin-widget-tinymce textwidget\">\n\t<p>Lingual beugels zijn state-of-the-art, volledig op maat gemaakte beugels, gemaakt met geavanceerde tandheelkundige scanning en 3D-technologie. Niet elke orthodontist biedt linguale beugels aan omdat gespecialiseerde training vereist is om linguale beugels te beoordelen, aan te passen, aan te brengen en aan te passen. Orthodontie aan de Maas in Venlo &amp; Panningen, gespecialiseerd in linguale beugels.<\/p>\n<\/div>\n<\/div><\/div><\/div><\/div><div id=\"pgc-2876-0-1\"  class=\"panel-grid-cell\" ><div id=\"panel-2876-0-1-0\" class=\"so-panel widget widget_orion_image_w panel-first-child panel-last-child\" data-index=\"3\" ><div class=\"orion mobile-text-center tablets-text-center default panel-widget-style panel-widget-style-for-2876-0-1-0\" ><div\n\t\t\t\n\t\t\tclass=\"so-widget-orion_image_w so-widget-orion_image_w-base\"\n\t\t\t\n\t\t>\r\n<div class=\"image-w relative rounded\">\r\n\r\n\t\t\t\t\t\t\t<div class=\"orion_circle image-wrap rounded overlay-none overlay-hover-none\">\r\n\t\t\r\n\t\t\t\t<div class=\"circle-wrap\">\r\n\t\t\t\t\t<img loading=\"lazy\" decoding=\"async\" width=\"750\" height=\"596\" src=\"https:\/\/orthodontieaandemaas.nl\/wp-content\/uploads\/2020\/01\/group-of-diverse-kindergarten-1260X600-750x596.jpg\" class=\"attachment-orion_square size-orion_square\" alt=\"\" \/>\t\t\t<div class=\"overlay\"><\/div>\r\n\t\t\t\t<\/div>\r\n\t\t\r\n\t\t\t\t\t<\/div>\r\n\t\t\t\r\n\t\r\n\t<div class=\"absolute\">\r\n\t\t<div class=\"hover-desc table-wrap\">\r\n\t\t\t<div class=\"cell-wrap\">\r\n\t\t\t\t<h4 class=\"text-light\"><\/h4>\r\n\t\t\t<\/div>\r\n\t\t<\/div>\r\n\t<\/div>\t\t\t\t\t\r\n<\/div>\r\n\r\n<\/div><\/div><\/div><\/div><\/div><\/div><div id=\"pg-2876-1\"  class=\"panel-grid panel-has-style\" ><div class=\"divider-no-animation tablet-default mobile-1-in-row desktop-default panel-row-style panel-row-style-for-2876-1\" ><div id=\"pgc-2876-1-0\"  class=\"panel-grid-cell\" ><div id=\"panel-2876-1-0-0\" class=\"so-panel widget widget_orion_heading_w panel-first-child\" data-index=\"4\" ><div class=\"orion mobile-text-center tablets-text-center default panel-widget-style panel-widget-style-for-2876-1-0-0\" ><div\n\t\t\t\n\t\t\tclass=\"so-widget-orion_heading_w so-widget-orion_heading_w-base\"\n\t\t\t\n\t\t> \r\n\t\t\t<div class=\"row orion-heading\" style=\"margin-bottom:0px;\">\r\n\t\t<div class=\"col-md-12   text-left style-h2 style-text-dark\">\r\n\t\t\t<h2 class=\"text-dark\">\r\n\t\t\t\tWaarom linguale beugels?\t\t\t<\/h2>\r\n\t\t<\/div>\r\n\t<\/div>\r\n\r\n\t<\/div><\/div><\/div><div id=\"panel-2876-1-0-1\" class=\"so-panel widget widget_sow-editor panel-last-child\" data-index=\"5\" ><div class=\"orion mobile-text-center tablets-text-center default panel-widget-style panel-widget-style-for-2876-1-0-1\" ><div\n\t\t\t\n\t\t\tclass=\"so-widget-sow-editor so-widget-sow-editor-base\"\n\t\t\t\n\t\t>\n<div class=\"siteorigin-widget-tinymce textwidget\">\n\t<p>Linguale beugels zijn de meest aantrekkelijke optie voor pati\u00ebnten die totale discretie wensen. Linguale bretels bieden voordelen voor muzikanten die een blaasinstrument bespelen; voor sporters die contactsporten beoefenen; voor modellen en acteurs, en iedereen in het publieke oog die zijn tanden wil rechtzetten en de meest onopvallende optie nodig heeft. Vooral in Hollywood zijn ze populair.<\/p>\n<p>Ze kunnen de ultieme oplossing bieden voor pati\u00ebnten die alleen de zes boven- en ondertanden willen rechtzetten. Een beugel is de beste optie om je zelfvertrouwen op peil te houden. Ze zijn voor mensen van alle leeftijden.<\/p>\n<p>.<\/p>\n<\/div>\n<\/div><\/div><\/div><\/div><\/div><\/div><div id=\"pg-2876-2\"  class=\"panel-grid panel-has-style\" ><div class=\"divider-no-animation tablet-default mobile-1-in-row desktop-default panel-row-style panel-row-style-for-2876-2\" ><div id=\"pgc-2876-2-0\"  class=\"panel-grid-cell\" ><div id=\"panel-2876-2-0-0\" class=\"so-panel widget widget_orion_heading_w panel-first-child\" data-index=\"6\" ><div class=\"orion mobile-text-center tablets-text-center default panel-widget-style panel-widget-style-for-2876-2-0-0\" ><div\n\t\t\t\n\t\t\tclass=\"so-widget-orion_heading_w so-widget-orion_heading_w-base\"\n\t\t\t\n\t\t> \r\n\t\t\t<div class=\"row orion-heading\" style=\"margin-bottom:0px;\">\r\n\t\t<div class=\"col-md-12   text-left style-h2 style-text-dark\">\r\n\t\t\t<h2 class=\"text-dark\">\r\n\t\t\t\tHoe werken een linguale beugel?\t\t\t<\/h2>\r\n\t\t<\/div>\r\n\t<\/div>\r\n\r\n\t<\/div><\/div><\/div><div id=\"panel-2876-2-0-1\" class=\"so-panel widget widget_sow-editor panel-last-child\" data-index=\"7\" ><div class=\"orion mobile-text-center tablets-text-center default panel-widget-style panel-widget-style-for-2876-2-0-1\" ><div\n\t\t\t\n\t\t\tclass=\"so-widget-sow-editor so-widget-sow-editor-base\"\n\t\t\t\n\t\t>\n<div class=\"siteorigin-widget-tinymce textwidget\">\n\t<p>Het principe achter alle soorten beugels is om de tanden naar een betere positie in de mond te brengen en de tanden recht te zetten voor een aangenamere glimlach en een betere mondgezondheid en -functie.<\/p>\n<p>Linguale beugels werken net als traditionele metalen beugels. Linguale bretels zijn gemaakt van roestvrij staal en soms titanium. Ze bieden dezelfde werkzaamheid. Het verschil is dat metalen beugels worden gemaakt met standaard onderdelen, terwijl linguale beugels volledig worden aangepast aan uw gebit, uw specifieke behoeften en doelen.<\/p>\n<p>Linguale beugels hebben dezelfde onderdelen nodig als traditionele metalen beugels, inclusief beugels, draden en banden, en elastiekjes die nodig kunnen zijn om de tanden in de juiste uitlijning te brengen.<\/p>\n<p>.<\/p>\n<\/div>\n<\/div><\/div><\/div><\/div><\/div><\/div><div id=\"pg-2876-3\"  class=\"panel-grid panel-has-style\" ><div class=\"divider-no-animation tablet-default mobile-1-in-row desktop-default panel-row-style panel-row-style-for-2876-3\" ><div id=\"pgc-2876-3-0\"  class=\"panel-grid-cell\" ><div id=\"panel-2876-3-0-0\" class=\"so-panel widget widget_orion_heading_w panel-first-child\" data-index=\"8\" ><div class=\"orion mobile-text-center tablets-text-center default panel-widget-style panel-widget-style-for-2876-3-0-0\" ><div\n\t\t\t\n\t\t\tclass=\"so-widget-orion_heading_w so-widget-orion_heading_w-base\"\n\t\t\t\n\t\t> \r\n\t\t\t<div class=\"row orion-heading\" style=\"margin-bottom:0px;\">\r\n\t\t<div class=\"col-md-12   text-left style-h2 style-text-dark\">\r\n\t\t\t<h2 class=\"text-dark\">\r\n\t\t\t\tHoe worden ze gemaakt?\t\t\t<\/h2>\r\n\t\t<\/div>\r\n\t<\/div>\r\n\r\n\t<\/div><\/div><\/div><div id=\"panel-2876-3-0-1\" class=\"so-panel widget widget_sow-editor panel-last-child\" data-index=\"9\" ><div class=\"orion mobile-text-center tablets-text-center default panel-widget-style panel-widget-style-for-2876-3-0-1\" ><div\n\t\t\t\n\t\t\tclass=\"so-widget-sow-editor so-widget-sow-editor-base\"\n\t\t\t\n\t\t>\n<div class=\"siteorigin-widget-tinymce textwidget\">\n\t<p>Lingual braces worden gemaakt met behulp van CAD\/CAM-technologie en 3D-beeldvorming. Er worden digitale afdrukken gemaakt voor de pati\u00ebnt en speciale software ontwerpt de beugel. Lingual braces worden aangepast aan uw specifieke behoeften en doelen.<\/p>\n<p>Eenmaal gemaakt, worden ze met speciaal tandcement op de achterkant van de tanden aangebracht.<\/p>\n<\/div>\n<\/div><\/div><\/div><\/div><\/div><\/div><div id=\"pg-2876-4\"  class=\"panel-grid panel-has-style\" ><div class=\"divider-no-animation tablet-default mobile-1-in-row desktop-default panel-row-style panel-row-style-for-2876-4\" ><div id=\"pgc-2876-4-0\"  class=\"panel-grid-cell\" ><div id=\"panel-2876-4-0-0\" class=\"so-panel widget widget_orion_heading_w panel-first-child\" data-index=\"10\" ><div class=\"orion mobile-text-center tablets-text-center default panel-widget-style panel-widget-style-for-2876-4-0-0\" ><div\n\t\t\t\n\t\t\tclass=\"so-widget-orion_heading_w so-widget-orion_heading_w-base\"\n\t\t\t\n\t\t> \r\n\t\t\t<div class=\"row orion-heading\" style=\"margin-bottom:0px;\">\r\n\t\t<div class=\"col-md-12   text-left style-h2 style-text-dark\">\r\n\t\t\t<h2 class=\"text-dark\">\r\n\t\t\t\tOverwegingen voor levensstijl\t\t\t<\/h2>\r\n\t\t<\/div>\r\n\t<\/div>\r\n\r\n\t<\/div><\/div><\/div><div id=\"panel-2876-4-0-1\" class=\"so-panel widget widget_sow-editor panel-last-child\" data-index=\"11\" ><div class=\"orion custom mobile-text-center tablets-text-center default panel-widget-style panel-widget-style-for-2876-4-0-1\" ><div\n\t\t\t\n\t\t\tclass=\"so-widget-sow-editor so-widget-sow-editor-base\"\n\t\t\t\n\t\t>\n<div class=\"siteorigin-widget-tinymce textwidget\">\n\t<ul>\n<li>Linguale beugels hebben vergelijkbare problemen als traditionele metalen beugels, inclusief het be\u00efnvloeden van de spraak gedurende de eerste paar weken totdat je je aanpast.<\/li>\n<li>Er zijn bepaalde voedselbeperkingen en belangrijke reinigingsinstructies die strikte naleving vereisen. Maar omdat de beugels aan de achterkant van de tanden zitten, zit voedsel dat vast komt te zitten meestal achter in de tanden en zal het niet duidelijk zijn voor de mensen om je heen!<\/li>\n<li>Plaatsing en aanpassingen vereisen deskundige vaardigheid en afspraken kunnen langer duren omdat de achterkant van uw tanden moeilijker toegankelijk is.<\/li>\n<li>Ze zitten dicht bij je tong wat in eerste instantie een zere tong kan veroorzaken.<\/li>\n<li>Uw behandelplan is gebaseerd op uw specifieke behoeften. Doorgaans dragen pati\u00ebnten ze tussen \u00e9\u00e9n en drie jaar. Dit wordt gevolgd door het gebruik van een retainer om uw resultaten te behouden.<\/li>\n<li>Een beugel is duurder omdat alles wordt aangepast aan uw mond en uw specifieke behoeften.<\/li>\n<li>Traditionele beugels kunnen witte vlekken op de tanden veroorzaken wanneer de beugel wordt verwijderd. Met een linguale beugel worden eventuele witte vlekken op de achterkant van uw tanden verborgen.<\/li>\n<li>Niet alle pati\u00ebnten zijn goede kandidaten.<\/li>\n<\/ul>\n<p>Krijg een professionele diagnose en leer over al uw behandelmogelijkheden voor rechte, goed uitgelijnde tanden en een gezonde, mooie glimlach, neem contact op met Orthodontie aan de Maas in Venlo &amp; Panningen.<\/p>\n<\/div>\n<\/div><\/div><\/div><\/div><\/div><\/div><div id=\"pg-2876-5\"  class=\"panel-grid panel-has-style\" ><div class=\"divider-no-animation tablet-default mobile-1-in-row desktop-default panel-row-style panel-row-style-for-2876-5\" ><div id=\"pgc-2876-5-0\"  class=\"panel-grid-cell\" ><div id=\"panel-2876-5-0-0\" class=\"so-panel widget widget_orion_button_w panel-first-child panel-last-child\" data-index=\"12\" ><div class=\"orion default panel-widget-style panel-widget-style-for-2876-5-0-0\" ><div\n\t\t\t\n\t\t\tclass=\"so-widget-orion_button_w so-widget-orion_button_w-base\"\n\t\t\t\n\t\t>\r\n\t\t\t<a class=\"btn btn-c1 btn-flat btn-md\"  href=\"\/nl\/services\/traditional-braces\/lingual-braces\/\"\r\n\t\t\t   \t\t>\r\n\t\t\tlinguale beugels\t\t\r\n\t\t<\/a>\r\n\t\r\n<\/div><\/div><\/div><\/div><div id=\"pgc-2876-5-1\"  class=\"panel-grid-cell\" ><div id=\"panel-2876-5-1-0\" class=\"so-panel widget widget_orion_button_w panel-first-child panel-last-child\" data-index=\"13\" ><div class=\"orion default panel-widget-style panel-widget-style-for-2876-5-1-0\" ><div\n\t\t\t\n\t\t\tclass=\"so-widget-orion_button_w so-widget-orion_button_w-base\"\n\t\t\t\n\t\t>\r\n\t\t\t<a class=\"btn btn-c1 btn-flat btn-md\"  href=\"\/nl\/services\/traditional-braces\/ceramic-braces\/\"\r\n\t\t\t   \t\t>\r\n\t\t\tKeramische beugels\t\t\r\n\t\t<\/a>\r\n\t\r\n<\/div><\/div><\/div><\/div><div id=\"pgc-2876-5-2\"  class=\"panel-grid-cell\" ><div id=\"panel-2876-5-2-0\" class=\"so-panel widget widget_orion_button_w panel-first-child panel-last-child\" data-index=\"14\" ><div class=\"orion default panel-widget-style panel-widget-style-for-2876-5-2-0\" ><div\n\t\t\t\n\t\t\tclass=\"so-widget-orion_button_w so-widget-orion_button_w-base\"\n\t\t\t\n\t\t>\r\n\t\t\t<a class=\"btn btn-c1 btn-flat btn-md\"  href=\"\/nl\/services\/traditional-braces\/cost-of-traditional-braces\/\"\r\n\t\t\t   \t\t>\r\n\t\t\tKosten van traditionele beugels\t\t\r\n\t\t<\/a>\r\n\t\r\n<\/div><\/div><\/div><\/div><div id=\"pgc-2876-5-3\"  class=\"panel-grid-cell\" ><div id=\"panel-2876-5-3-0\" class=\"so-panel widget widget_orion_button_w panel-first-child panel-last-child\" data-index=\"15\" ><div class=\"orion default panel-widget-style panel-widget-style-for-2876-5-3-0\" ><div\n\t\t\t\n\t\t\tclass=\"so-widget-orion_button_w so-widget-orion_button_w-base\"\n\t\t\t\n\t\t>\r\n\t\t\t<a class=\"btn btn-c1 btn-flat btn-md\"  href=\"\/nl\/services\/traditional-braces\/life-with-braces\/\"\r\n\t\t\t   \t\t>\r\n\t\t\tLeven met beugels\t\t\r\n\t\t<\/a>\r\n\t\r\n<\/div><\/div><\/div><\/div><div id=\"pgc-2876-5-4\"  class=\"panel-grid-cell\" ><div id=\"panel-2876-5-4-0\" class=\"so-panel widget widget_orion_button_w panel-first-child panel-last-child\" data-index=\"16\" ><div class=\"orion default panel-widget-style panel-widget-style-for-2876-5-4-0\" ><div\n\t\t\t\n\t\t\tclass=\"so-widget-orion_button_w so-widget-orion_button_w-base\"\n\t\t\t\n\t\t>\r\n\t\t\t<a class=\"btn btn-c1 btn-flat btn-md\"  href=\"\/nl\/services\/traditional-braces\/brush-and-flossing\/\"\r\n\t\t\t   \t\t>\r\n\t\t\tPoetsen en flossen\t\t\r\n\t\t<\/a>\r\n\t\r\n<\/div><\/div><\/div><\/div><\/div><\/div><\/div>","protected":false},"excerpt":{"rendered":"<p>Familietandheelkunde is voor pati\u00ebnten van alle leeftijden en biedt complete, uitgebreide tandheelkundige zorg.<\/p>","protected":false},"author":1,"featured_media":2879,"parent":2872,"menu_order":0,"comment_status":"closed","ping_status":"closed","template":"","meta":{"_coblocks_attr":"","_coblocks_dimensions":"","_coblocks_responsive_height":"","_coblocks_accordion_ie_support":"","footnotes":""},"class_list":["post-2876","page","type-page","status-publish","has-post-thumbnail","hentry"],"_links":{"self":[{"href":"https:\/\/orthodontieaandemaas.nl\/nl\/wp-json\/wp\/v2\/pages\/2876","targetHints":{"allow":["GET"]}}],"collection":[{"href":"https:\/\/orthodontieaandemaas.nl\/nl\/wp-json\/wp\/v2\/pages"}],"about":[{"href":"https:\/\/orthodontieaandemaas.nl\/nl\/wp-json\/wp\/v2\/types\/page"}],"author":[{"embeddable":true,"href":"https:\/\/orthodontieaandemaas.nl\/nl\/wp-json\/wp\/v2\/users\/1"}],"replies":[{"embeddable":true,"href":"https:\/\/orthodontieaandemaas.nl\/nl\/wp-json\/wp\/v2\/comments?post=2876"}],"version-history":[{"count":8,"href":"https:\/\/orthodontieaandemaas.nl\/nl\/wp-json\/wp\/v2\/pages\/2876\/revisions"}],"predecessor-version":[{"id":3489,"href":"https:\/\/orthodontieaandemaas.nl\/nl\/wp-json\/wp\/v2\/pages\/2876\/revisions\/3489"}],"up":[{"embeddable":true,"href":"https:\/\/orthodontieaandemaas.nl\/nl\/wp-json\/wp\/v2\/pages\/2872"}],"wp:featuredmedia":[{"embeddable":true,"href":"https:\/\/orthodontieaandemaas.nl\/nl\/wp-json\/wp\/v2\/media\/2879"}],"wp:attachment":[{"href":"https:\/\/orthodontieaandemaas.nl\/nl\/wp-json\/wp\/v2\/media?parent=2876"}],"curies":[{"name":"wp","href":"https:\/\/api.w.org\/{rel}","templated":true}]}}