{"id":2848,"date":"2020-01-21T20:39:57","date_gmt":"2020-01-21T20:39:57","guid":{"rendered":"https:\/\/orthodontieaandemaas.nl\/?page_id=2848"},"modified":"2020-01-28T20:20:31","modified_gmt":"2020-01-28T20:20:31","slug":"invisalign-candidate","status":"publish","type":"page","link":"https:\/\/orthodontieaandemaas.nl\/nl\/treatments\/invisalign\/invisalign-candidate\/","title":{"rendered":"Invisalign-kandidaat"},"content":{"rendered":"<div id=\"pl-2848\"  class=\"panel-layout\" ><div id=\"pg-2848-0\"  class=\"panel-grid panel-has-style\" ><div class=\"divider-no-animation tablet-1-in-row mobile-1-in-row desktop-default panel-row-style panel-row-style-for-2848-0\" ><div id=\"pgc-2848-0-0\"  class=\"panel-grid-cell\" ><div id=\"panel-2848-0-0-0\" class=\"so-panel widget widget_orion_heading_w panel-first-child\" data-index=\"0\" ><div class=\"orion mobile-text-center tablets-text-center default panel-widget-style panel-widget-style-for-2848-0-0-0\" ><div\n\t\t\t\n\t\t\tclass=\"so-widget-orion_heading_w so-widget-orion_heading_w-base\"\n\t\t\t\n\t\t> \r\n\t\t\t<div class=\"row orion-heading\" style=\"margin-bottom:0px;\">\r\n\t\t<div class=\"col-md-12  separator-style-1 text-left style-h6 style-primary-color\">\r\n\t\t\t<h6 class=\"primary-color\">\r\n\t\t\t\tInvisalign\t\t\t<\/h6>\r\n\t\t<\/div>\r\n\t<\/div>\r\n\r\n\t<\/div><\/div><\/div><div id=\"panel-2848-0-0-1\" class=\"so-panel widget widget_orion_heading_w\" data-index=\"1\" ><div class=\"orion mobile-text-center tablets-text-center default panel-widget-style panel-widget-style-for-2848-0-0-1\" ><div\n\t\t\t\n\t\t\tclass=\"so-widget-orion_heading_w so-widget-orion_heading_w-base\"\n\t\t\t\n\t\t> \r\n\t\t\t<div class=\"row orion-heading\" style=\"margin-bottom:0px;\">\r\n\t\t<div class=\"col-md-12   text-left style-h2 style-text-dark\">\r\n\t\t\t<h2 class=\"text-dark\">\r\n\t\t\t\tInvisalign-kandidaat\t\t\t<\/h2>\r\n\t\t<\/div>\r\n\t<\/div>\r\n\r\n\t<\/div><\/div><\/div><div id=\"panel-2848-0-0-2\" class=\"so-panel widget widget_sow-editor panel-last-child\" data-index=\"2\" ><div class=\"orion mobile-text-center tablets-text-center default panel-widget-style panel-widget-style-for-2848-0-0-2\" ><div\n\t\t\t\n\t\t\tclass=\"so-widget-sow-editor so-widget-sow-editor-base\"\n\t\t\t\n\t\t>\n<div class=\"siteorigin-widget-tinymce textwidget\">\n\t<p>Volwassenen en tieners die rechtere tanden willen en hebben:<\/p>\n<\/div>\n<\/div><\/div><\/div><\/div><div id=\"pgc-2848-0-1\"  class=\"panel-grid-cell\" ><div id=\"panel-2848-0-1-0\" class=\"so-panel widget widget_orion_image_w panel-first-child panel-last-child\" data-index=\"3\" ><div class=\"orion mobile-text-center tablets-text-center default panel-widget-style panel-widget-style-for-2848-0-1-0\" ><div\n\t\t\t\n\t\t\tclass=\"so-widget-orion_image_w so-widget-orion_image_w-base\"\n\t\t\t\n\t\t>\r\n<div class=\"image-w relative rounded\">\r\n\r\n\t\t\t\t\t\t\t<div class=\"orion_circle image-wrap rounded overlay-none overlay-hover-none\">\r\n\t\t\r\n\t\t\t\t<div class=\"circle-wrap\">\r\n\t\t\t\t\t<img loading=\"lazy\" decoding=\"async\" width=\"750\" height=\"750\" src=\"https:\/\/orthodontieaandemaas.nl\/wp-content\/uploads\/2020\/01\/qtq80-pwXx5z-750x750.jpeg\" class=\"attachment-orion_square size-orion_square\" alt=\"\" \/>\t\t\t<div class=\"overlay\"><\/div>\r\n\t\t\t\t<\/div>\r\n\t\t\r\n\t\t\t\t\t<\/div>\r\n\t\t\t\r\n\t\r\n\t<div class=\"absolute\">\r\n\t\t<div class=\"hover-desc table-wrap\">\r\n\t\t\t<div class=\"cell-wrap\">\r\n\t\t\t\t<h4 class=\"text-light\"><\/h4>\r\n\t\t\t<\/div>\r\n\t\t<\/div>\r\n\t<\/div>\t\t\t\t\t\r\n<\/div>\r\n\r\n<\/div><\/div><\/div><\/div><\/div><\/div><div id=\"pg-2848-1\"  class=\"panel-grid panel-has-style\" ><div class=\"divider-no-animation tablet-default mobile-1-in-row desktop-default panel-row-style panel-row-style-for-2848-1\" ><div id=\"pgc-2848-1-0\"  class=\"panel-grid-cell\" ><div id=\"panel-2848-1-0-0\" class=\"so-panel widget widget_orion_heading_w panel-first-child\" data-index=\"4\" ><div class=\"orion mobile-text-center tablets-text-center default panel-widget-style panel-widget-style-for-2848-1-0-0\" ><div\n\t\t\t\n\t\t\tclass=\"so-widget-orion_heading_w so-widget-orion_heading_w-base\"\n\t\t\t\n\t\t> \r\n\t\t\t<div class=\"row orion-heading\" style=\"margin-bottom:0px;\">\r\n\t\t<div class=\"col-md-12  separator-style-1 text-left style-h6 style-primary-color\">\r\n\t\t\t<h6 class=\"primary-color\">\r\n\t\t\t\toverbeet\t\t\t<\/h6>\r\n\t\t<\/div>\r\n\t<\/div>\r\n\r\n\t<\/div><\/div><\/div><div id=\"panel-2848-1-0-1\" class=\"so-panel widget widget_sow-editor panel-last-child\" data-index=\"5\" ><div class=\"orion mobile-text-center tablets-text-center default panel-widget-style panel-widget-style-for-2848-1-0-1\" ><div\n\t\t\t\n\t\t\tclass=\"so-widget-sow-editor so-widget-sow-editor-base\"\n\t\t\t\n\t\t>\n<div class=\"siteorigin-widget-tinymce textwidget\">\n\t<p>wanneer u uw mond sluit, zijn de boven- en onderkaak en de tanden niet op \u00e9\u00e9n lijn, waardoor de bovenste voortanden de onderste voortanden bedekken. Het be\u00efnvloedt het kauwen en belast de tanden en kaakspieren extra.<\/p>\n<\/div>\n<\/div><\/div><\/div><\/div><div id=\"pgc-2848-1-1\"  class=\"panel-grid-cell\" ><div id=\"panel-2848-1-1-0\" class=\"so-panel widget widget_orion_responsive_video_w panel-first-child\" data-index=\"6\" ><div class=\"orion default panel-widget-style panel-widget-style-for-2848-1-1-0\" ><div\n\t\t\t\n\t\t\tclass=\"so-widget-orion_responsive_video_w so-widget-orion_responsive_video_w-base\"\n\t\t\t\n\t\t>\t\t\t\t\t\t<div class=\"video embed-responsive embed-responsive-16by9\">\r\n\t\t\t\t<iframe loading=\"lazy\" title=\"Overbeet\" width=\"1140\" height=\"641\" src=\"https:\/\/www.youtube.com\/embed\/B5OSUKuVFN8?feature=oembed\" frameborder=\"0\" allow=\"accelerometer; autoplay; clipboard-write; encrypted-media; gyroscope; picture-in-picture; web-share\" referrerpolicy=\"strict-origin-when-cross-origin\" allowfullscreen><\/iframe>\t\t\t<\/div>\r\n\t\t\t<\/div><\/div><\/div><div id=\"panel-2848-1-1-1\" class=\"so-panel widget widget_orion_responsive_video_w panel-last-child\" data-index=\"7\" ><div class=\"orion default panel-widget-style panel-widget-style-for-2848-1-1-1\" ><div\n\t\t\t\n\t\t\tclass=\"so-widget-orion_responsive_video_w so-widget-orion_responsive_video_w-base\"\n\t\t\t\n\t\t>\t\t\t\t\t\t<div class=\"video embed-responsive embed-responsive-16by9\">\r\n\t\t\t\t<iframe loading=\"lazy\" title=\"Verhoogde overjetcorrectie door Invisalign door Sphinx Orthodontics\" width=\"1140\" height=\"641\" src=\"https:\/\/www.youtube.com\/embed\/JdnfQ1zcb30?feature=oembed\" frameborder=\"0\" allow=\"accelerometer; autoplay; clipboard-write; encrypted-media; gyroscope; picture-in-picture; web-share\" referrerpolicy=\"strict-origin-when-cross-origin\" allowfullscreen><\/iframe>\t\t\t<\/div>\r\n\t\t\t<\/div><\/div><\/div><\/div><\/div><\/div><div id=\"pg-2848-2\"  class=\"panel-grid panel-has-style\" ><div class=\"divider-no-animation tablet-default mobile-1-in-row desktop-default panel-row-style panel-row-style-for-2848-2\" ><div id=\"pgc-2848-2-0\"  class=\"panel-grid-cell\" ><div id=\"panel-2848-2-0-0\" class=\"so-panel widget widget_orion_heading_w panel-first-child\" data-index=\"8\" ><div class=\"orion mobile-text-center tablets-text-center default panel-widget-style panel-widget-style-for-2848-2-0-0\" ><div\n\t\t\t\n\t\t\tclass=\"so-widget-orion_heading_w so-widget-orion_heading_w-base\"\n\t\t\t\n\t\t> \r\n\t\t\t<div class=\"row orion-heading\" style=\"margin-bottom:0px;\">\r\n\t\t<div class=\"col-md-12  separator-style-1 text-left style-h6 style-primary-color\">\r\n\t\t\t<h6 class=\"primary-color\">\r\n\t\t\t\tonderbeet\t\t\t<\/h6>\r\n\t\t<\/div>\r\n\t<\/div>\r\n\r\n\t<\/div><\/div><\/div><div id=\"panel-2848-2-0-1\" class=\"so-panel widget widget_sow-editor panel-last-child\" data-index=\"9\" ><div class=\"orion mobile-text-center tablets-text-center default panel-widget-style panel-widget-style-for-2848-2-0-1\" ><div\n\t\t\t\n\t\t\tclass=\"so-widget-sow-editor so-widget-sow-editor-base\"\n\t\t\t\n\t\t>\n<div class=\"siteorigin-widget-tinymce textwidget\">\n\t<p>wanneer u uw mond sluit, steken uw onderkaak en tanden voor uw bovenste voortanden uit. Het be\u00efnvloedt het kauwen en belast de tanden en kaakspieren extra.<\/p>\n<\/div>\n<\/div><\/div><\/div><\/div><div id=\"pgc-2848-2-1\"  class=\"panel-grid-cell\" ><div id=\"panel-2848-2-1-0\" class=\"so-panel widget widget_orion_responsive_video_w panel-first-child\" data-index=\"10\" ><div class=\"orion default panel-widget-style panel-widget-style-for-2848-2-1-0\" ><div\n\t\t\t\n\t\t\tclass=\"so-widget-orion_responsive_video_w so-widget-orion_responsive_video_w-base\"\n\t\t\t\n\t\t>\t\t\t\t\t\t<div class=\"video embed-responsive embed-responsive-16by9\">\r\n\t\t\t\t<iframe loading=\"lazy\" title=\"onder bijten\" width=\"1140\" height=\"641\" src=\"https:\/\/www.youtube.com\/embed\/GxxHrjw13_M?feature=oembed\" frameborder=\"0\" allow=\"accelerometer; autoplay; clipboard-write; encrypted-media; gyroscope; picture-in-picture; web-share\" referrerpolicy=\"strict-origin-when-cross-origin\" allowfullscreen><\/iframe>\t\t\t<\/div>\r\n\t\t\t<\/div><\/div><\/div><div id=\"panel-2848-2-1-1\" class=\"so-panel widget widget_orion_responsive_video_w panel-last-child\" data-index=\"11\" ><div class=\"orion default panel-widget-style panel-widget-style-for-2848-2-1-1\" ><div\n\t\t\t\n\t\t\tclass=\"so-widget-orion_responsive_video_w so-widget-orion_responsive_video_w-base\"\n\t\t\t\n\t\t>\t\t\t\t\t\t<div class=\"video embed-responsive embed-responsive-16by9\">\r\n\t\t\t\t<iframe loading=\"lazy\" title=\"Onderbeetcorrectie door Invisalign door Sphinx Orthodontics\" width=\"1140\" height=\"641\" src=\"https:\/\/www.youtube.com\/embed\/SgSTGYVfJDo?feature=oembed\" frameborder=\"0\" allow=\"accelerometer; autoplay; clipboard-write; encrypted-media; gyroscope; picture-in-picture; web-share\" referrerpolicy=\"strict-origin-when-cross-origin\" allowfullscreen><\/iframe>\t\t\t<\/div>\r\n\t\t\t<\/div><\/div><\/div><\/div><\/div><\/div><div id=\"pg-2848-3\"  class=\"panel-grid panel-has-style\" ><div class=\"divider-no-animation tablet-default mobile-1-in-row desktop-default panel-row-style panel-row-style-for-2848-3\" ><div id=\"pgc-2848-3-0\"  class=\"panel-grid-cell\" ><div id=\"panel-2848-3-0-0\" class=\"so-panel widget widget_orion_heading_w panel-first-child\" data-index=\"12\" ><div class=\"orion mobile-text-center tablets-text-center default panel-widget-style panel-widget-style-for-2848-3-0-0\" ><div\n\t\t\t\n\t\t\tclass=\"so-widget-orion_heading_w so-widget-orion_heading_w-base\"\n\t\t\t\n\t\t> \r\n\t\t\t<div class=\"row orion-heading\" style=\"margin-bottom:0px;\">\r\n\t\t<div class=\"col-md-12  separator-style-1 text-left style-h6 style-primary-color\">\r\n\t\t\t<h6 class=\"primary-color\">\r\n\t\t\t\tKruisbeet\t\t\t<\/h6>\r\n\t\t<\/div>\r\n\t<\/div>\r\n\r\n\t<\/div><\/div><\/div><div id=\"panel-2848-3-0-1\" class=\"so-panel widget widget_sow-editor panel-last-child\" data-index=\"13\" ><div class=\"orion mobile-text-center tablets-text-center default panel-widget-style panel-widget-style-for-2848-3-0-1\" ><div\n\t\t\t\n\t\t\tclass=\"so-widget-sow-editor so-widget-sow-editor-base\"\n\t\t\t\n\t\t>\n<div class=\"siteorigin-widget-tinymce textwidget\">\n\t<p>wanneer de boven- en onderkaak niet op \u00e9\u00e9n lijn liggen en de boven- en ondertanden elkaar niet ontmoeten. Een kruisbeet be\u00efnvloedt het aanzien van uw tanden, lippen en mond en kan hoofdpijn, gaatjes, kaakpijn en tandvleesontstekingen en tandenknarsen veroorzaken.<\/p>\n<\/div>\n<\/div><\/div><\/div><\/div><div id=\"pgc-2848-3-1\"  class=\"panel-grid-cell\" ><div id=\"panel-2848-3-1-0\" class=\"so-panel widget widget_orion_responsive_video_w panel-first-child panel-last-child\" data-index=\"14\" ><div class=\"orion default panel-widget-style panel-widget-style-for-2848-3-1-0\" ><div\n\t\t\t\n\t\t\tclass=\"so-widget-orion_responsive_video_w so-widget-orion_responsive_video_w-base\"\n\t\t\t\n\t\t>\t\t\t\t\t\t<div class=\"video embed-responsive embed-responsive-16by9\">\r\n\t\t\t\t<iframe loading=\"lazy\" title=\"kruisbeet\" width=\"1140\" height=\"641\" src=\"https:\/\/www.youtube.com\/embed\/c653fdc6l5M?feature=oembed\" frameborder=\"0\" allow=\"accelerometer; autoplay; clipboard-write; encrypted-media; gyroscope; picture-in-picture; web-share\" referrerpolicy=\"strict-origin-when-cross-origin\" allowfullscreen><\/iframe>\t\t\t<\/div>\r\n\t\t\t<\/div><\/div><\/div><\/div><\/div><\/div><div id=\"pg-2848-4\"  class=\"panel-grid panel-has-style\" ><div class=\"divider-no-animation tablet-default mobile-1-in-row desktop-default panel-row-style panel-row-style-for-2848-4\" ><div id=\"pgc-2848-4-0\"  class=\"panel-grid-cell\" ><div id=\"panel-2848-4-0-0\" class=\"so-panel widget widget_orion_heading_w panel-first-child\" data-index=\"15\" ><div class=\"orion mobile-text-center tablets-text-center default panel-widget-style panel-widget-style-for-2848-4-0-0\" ><div\n\t\t\t\n\t\t\tclass=\"so-widget-orion_heading_w so-widget-orion_heading_w-base\"\n\t\t\t\n\t\t> \r\n\t\t\t<div class=\"row orion-heading\" style=\"margin-bottom:0px;\">\r\n\t\t<div class=\"col-md-12  separator-style-1 text-left style-h6 style-primary-color\">\r\n\t\t\t<h6 class=\"primary-color\">\r\n\t\t\t\tDiastemen tussen de tanden\t\t\t<\/h6>\r\n\t\t<\/div>\r\n\t<\/div>\r\n\r\n\t<\/div><\/div><\/div><div id=\"panel-2848-4-0-1\" class=\"so-panel widget widget_sow-editor panel-last-child\" data-index=\"16\" ><div class=\"orion mobile-text-center tablets-text-center default panel-widget-style panel-widget-style-for-2848-4-0-1\" ><div\n\t\t\t\n\t\t\tclass=\"so-widget-sow-editor so-widget-sow-editor-base\"\n\t\t\t\n\t\t>\n<div class=\"siteorigin-widget-tinymce textwidget\">\n\t<p>wanneer er extra ruimte tussen de tanden is. Een spleet tussen de twee voortanden wordt een diasteem genoemd, maar het kan voorkomen tussen twee willekeurige tanden. Het kan je zelfbewust en beschaamd maken over je glimlach. Het kan ook de tanden aan weerszijden van de opening aantasten, waardoor ze gaan draaien en roteren.<\/p>\n<\/div>\n<\/div><\/div><\/div><\/div><div id=\"pgc-2848-4-1\"  class=\"panel-grid-cell\" ><div id=\"panel-2848-4-1-0\" class=\"so-panel widget widget_orion_responsive_video_w panel-first-child panel-last-child\" data-index=\"17\" ><div class=\"orion default panel-widget-style panel-widget-style-for-2848-4-1-0\" ><div\n\t\t\t\n\t\t\tclass=\"so-widget-orion_responsive_video_w so-widget-orion_responsive_video_w-base\"\n\t\t\t\n\t\t>\t\t\t\t\t\t<div class=\"video embed-responsive embed-responsive-16by9\">\r\n\t\t\t\t<iframe loading=\"lazy\" title=\"gespleten tanden\" width=\"1140\" height=\"641\" src=\"https:\/\/www.youtube.com\/embed\/dOPDsFHKK48?feature=oembed\" frameborder=\"0\" allow=\"accelerometer; autoplay; clipboard-write; encrypted-media; gyroscope; picture-in-picture; web-share\" referrerpolicy=\"strict-origin-when-cross-origin\" allowfullscreen><\/iframe>\t\t\t<\/div>\r\n\t\t\t<\/div><\/div><\/div><\/div><\/div><\/div><div id=\"pg-2848-5\"  class=\"panel-grid panel-has-style\" ><div class=\"divider-no-animation tablet-default mobile-1-in-row desktop-default panel-row-style panel-row-style-for-2848-5\" ><div id=\"pgc-2848-5-0\"  class=\"panel-grid-cell\" ><div id=\"panel-2848-5-0-0\" class=\"so-panel widget widget_orion_heading_w panel-first-child\" data-index=\"18\" ><div class=\"orion mobile-text-center tablets-text-center default panel-widget-style panel-widget-style-for-2848-5-0-0\" ><div\n\t\t\t\n\t\t\tclass=\"so-widget-orion_heading_w so-widget-orion_heading_w-base\"\n\t\t\t\n\t\t> \r\n\t\t\t<div class=\"row orion-heading\" style=\"margin-bottom:0px;\">\r\n\t\t<div class=\"col-md-12  separator-style-1 text-left style-h6 style-primary-color\">\r\n\t\t\t<h6 class=\"primary-color\">\r\n\t\t\t\tOpen beet\t\t\t<\/h6>\r\n\t\t<\/div>\r\n\t<\/div>\r\n\r\n\t<\/div><\/div><\/div><div id=\"panel-2848-5-0-1\" class=\"so-panel widget widget_sow-editor panel-last-child\" data-index=\"19\" ><div class=\"orion mobile-text-center tablets-text-center default panel-widget-style panel-widget-style-for-2848-5-0-1\" ><div\n\t\t\t\n\t\t\tclass=\"so-widget-sow-editor so-widget-sow-editor-base\"\n\t\t\t\n\t\t>\n<div class=\"siteorigin-widget-tinymce textwidget\">\n\t<p>wanneer de boven- en ondertanden elkaar niet ontmoeten wanneer u uw mond sluit. Dit komt vaak voor bij kinderen met melktanden en kan het gevolg zijn van gewoontes zoals tongstoten, duimzuigen en kauwen op het uiteinde van een pen of potlood.<\/p>\n<\/div>\n<\/div><\/div><\/div><\/div><div id=\"pgc-2848-5-1\"  class=\"panel-grid-cell\" ><div id=\"panel-2848-5-1-0\" class=\"so-panel widget widget_orion_responsive_video_w panel-first-child panel-last-child\" data-index=\"20\" ><div class=\"orion default panel-widget-style panel-widget-style-for-2848-5-1-0\" ><div\n\t\t\t\n\t\t\tclass=\"so-widget-orion_responsive_video_w so-widget-orion_responsive_video_w-base\"\n\t\t\t\n\t\t>\t\t\t\t\t\t<div class=\"video embed-responsive embed-responsive-16by9\">\r\n\t\t\t\t<iframe loading=\"lazy\" title=\"open beet\" width=\"1140\" height=\"641\" src=\"https:\/\/www.youtube.com\/embed\/K7zhjS4vx3M?feature=oembed\" frameborder=\"0\" allow=\"accelerometer; autoplay; clipboard-write; encrypted-media; gyroscope; picture-in-picture; web-share\" referrerpolicy=\"strict-origin-when-cross-origin\" allowfullscreen><\/iframe>\t\t\t<\/div>\r\n\t\t\t<\/div><\/div><\/div><\/div><\/div><\/div><div id=\"pg-2848-6\"  class=\"panel-grid panel-has-style\" ><div class=\"divider-no-animation tablet-default mobile-1-in-row desktop-default panel-row-style panel-row-style-for-2848-6\" ><div id=\"pgc-2848-6-0\"  class=\"panel-grid-cell\" ><div id=\"panel-2848-6-0-0\" class=\"so-panel widget widget_orion_heading_w panel-first-child\" data-index=\"21\" ><div class=\"orion mobile-text-center tablets-text-center default panel-widget-style panel-widget-style-for-2848-6-0-0\" ><div\n\t\t\t\n\t\t\tclass=\"so-widget-orion_heading_w so-widget-orion_heading_w-base\"\n\t\t\t\n\t\t> \r\n\t\t\t<div class=\"row orion-heading\" style=\"margin-bottom:0px;\">\r\n\t\t<div class=\"col-md-12  separator-style-1 text-left style-h6 style-primary-color\">\r\n\t\t\t<h6 class=\"primary-color\">\r\n\t\t\t\tscheve tanden\t\t\t<\/h6>\r\n\t\t<\/div>\r\n\t<\/div>\r\n\r\n\t<\/div><\/div><\/div><div id=\"panel-2848-6-0-1\" class=\"so-panel widget widget_sow-editor panel-last-child\" data-index=\"22\" ><div class=\"orion mobile-text-center tablets-text-center default panel-widget-style panel-widget-style-for-2848-6-0-1\" ><div\n\t\t\t\n\t\t\tclass=\"so-widget-sow-editor so-widget-sow-editor-base\"\n\t\t\t\n\t\t>\n<div class=\"siteorigin-widget-tinymce textwidget\">\n\t<p>wanneer de tanden te dicht bij elkaar staan en kantelen en draaien waardoor het moeilijk is om de tanden schoon te maken en bij te dragen aan tandvleesaandoeningen.<\/p>\n<\/div>\n<\/div><\/div><\/div><\/div><div id=\"pgc-2848-6-1\"  class=\"panel-grid-cell\" ><div id=\"panel-2848-6-1-0\" class=\"so-panel widget widget_orion_responsive_video_w panel-first-child panel-last-child\" data-index=\"23\" ><div class=\"orion default panel-widget-style panel-widget-style-for-2848-6-1-0\" ><div\n\t\t\t\n\t\t\tclass=\"so-widget-orion_responsive_video_w so-widget-orion_responsive_video_w-base\"\n\t\t\t\n\t\t>\t\t\t\t\t\t<div class=\"video embed-responsive embed-responsive-16by9\">\r\n\t\t\t\t<iframe loading=\"lazy\" title=\"overvolle tanden\" width=\"1140\" height=\"641\" src=\"https:\/\/www.youtube.com\/embed\/tAC3uB9IDgY?feature=oembed\" frameborder=\"0\" allow=\"accelerometer; autoplay; clipboard-write; encrypted-media; gyroscope; picture-in-picture; web-share\" referrerpolicy=\"strict-origin-when-cross-origin\" allowfullscreen><\/iframe>\t\t\t<\/div>\r\n\t\t\t<\/div><\/div><\/div><\/div><\/div><\/div><div id=\"pg-2848-7\"  class=\"panel-grid panel-has-style\" ><div class=\"divider-no-animation tablet-default mobile-1-in-row desktop-default panel-row-style panel-row-style-for-2848-7\" ><div id=\"pgc-2848-7-0\"  class=\"panel-grid-cell\" ><div id=\"panel-2848-7-0-0\" class=\"so-panel widget widget_orion_button_w panel-first-child panel-last-child\" data-index=\"24\" ><div class=\"orion default panel-widget-style panel-widget-style-for-2848-7-0-0\" ><div\n\t\t\t\n\t\t\tclass=\"so-widget-orion_button_w so-widget-orion_button_w-base\"\n\t\t\t\n\t\t>\r\n\t\t\t<a class=\"btn btn-c1 btn-flat btn-md\"  href=\"\/nl\/services\/invisalign\/invisalign-teen\/\"\r\n\t\t\t   \t\t>\r\n\t\t\tInvisalign tiener\t\t\r\n\t\t<\/a>\r\n\t\r\n<\/div><\/div><\/div><\/div><div id=\"pgc-2848-7-1\"  class=\"panel-grid-cell\" ><div id=\"panel-2848-7-1-0\" class=\"so-panel widget widget_orion_button_w panel-first-child panel-last-child\" data-index=\"25\" ><div class=\"orion default panel-widget-style panel-widget-style-for-2848-7-1-0\" ><div\n\t\t\t\n\t\t\tclass=\"so-widget-orion_button_w so-widget-orion_button_w-base\"\n\t\t\t\n\t\t>\r\n\t\t\t<a class=\"btn btn-c1 btn-flat btn-md\"  href=\"\/nl\/services\/invisalign\/invisalign-costs\/\"\r\n\t\t\t   \t\t>\r\n\t\t\tInvisalign-kosten\t\t\r\n\t\t<\/a>\r\n\t\r\n<\/div><\/div><\/div><\/div><div id=\"pgc-2848-7-2\"  class=\"panel-grid-cell\" ><div id=\"panel-2848-7-2-0\" class=\"so-panel widget widget_orion_button_w panel-first-child panel-last-child\" data-index=\"26\" ><div class=\"orion default panel-widget-style panel-widget-style-for-2848-7-2-0\" ><div\n\t\t\t\n\t\t\tclass=\"so-widget-orion_button_w so-widget-orion_button_w-base\"\n\t\t\t\n\t\t>\r\n\t\t\t<a class=\"btn btn-c1 btn-flat btn-md\"  href=\"\/nl\/services\/invisalign\/invisalign-candidate\/\"\r\n\t\t\t   \t\t>\r\n\t\t\tInvisalign-kandidaat\t\t\r\n\t\t<\/a>\r\n\t\r\n<\/div><\/div><\/div><\/div><div id=\"pgc-2848-7-3\"  class=\"panel-grid-cell\" ><div id=\"panel-2848-7-3-0\" class=\"so-panel widget widget_orion_button_w panel-first-child panel-last-child\" data-index=\"27\" ><div class=\"orion default panel-widget-style panel-widget-style-for-2848-7-3-0\" ><div\n\t\t\t\n\t\t\tclass=\"so-widget-orion_button_w so-widget-orion_button_w-base\"\n\t\t\t\n\t\t>\r\n\t\t\t<a class=\"btn btn-c1 btn-flat btn-md\"  href=\"\/nl\/services\/invisalign\/invisalign-faqs\/\"\r\n\t\t\t   \t\t>\r\n\t\t\tVeelgestelde vragen over Invisalign\t\t\r\n\t\t<\/a>\r\n\t\r\n<\/div><\/div><\/div><\/div><div id=\"pgc-2848-7-4\"  class=\"panel-grid-cell\" ><div id=\"panel-2848-7-4-0\" class=\"so-panel widget widget_orion_button_w panel-first-child panel-last-child\" data-index=\"28\" ><div class=\"orion default panel-widget-style panel-widget-style-for-2848-7-4-0\" ><div\n\t\t\t\n\t\t\tclass=\"so-widget-orion_button_w so-widget-orion_button_w-base\"\n\t\t\t\n\t\t>\r\n\t\t\t<a class=\"btn btn-c1 btn-flat btn-md\"  href=\"\/nl\/services\/invisalign\/invisalign-vs-traditional-braces\/\"\r\n\t\t\t   \t\t>\r\n\t\t\tInvisalign versus traditionele beugels\t\t\r\n\t\t<\/a>\r\n\t\r\n<\/div><\/div><\/div><\/div><div id=\"pgc-2848-7-5\"  class=\"panel-grid-cell\" ><div id=\"panel-2848-7-5-0\" class=\"so-panel widget widget_orion_button_w panel-first-child panel-last-child\" data-index=\"29\" ><div class=\"orion default panel-widget-style panel-widget-style-for-2848-7-5-0\" ><div\n\t\t\t\n\t\t\tclass=\"so-widget-orion_button_w so-widget-orion_button_w-base\"\n\t\t\t\n\t\t>\r\n\t\t\t<a class=\"btn btn-c1 btn-flat btn-md\"  href=\"\/nl\/services\/invisalign\/invisalign-stories\/\"\r\n\t\t\t   \t\t>\r\n\t\t\tInvisalign-verhalen\t\t\r\n\t\t<\/a>\r\n\t\r\n<\/div><\/div><\/div><\/div><div id=\"pgc-2848-7-6\"  class=\"panel-grid-cell\" ><div id=\"panel-2848-7-6-0\" class=\"so-panel widget widget_orion_button_w panel-first-child panel-last-child\" data-index=\"30\" ><div class=\"orion default panel-widget-style panel-widget-style-for-2848-7-6-0\" ><div\n\t\t\t\n\t\t\tclass=\"so-widget-orion_button_w so-widget-orion_button_w-base\"\n\t\t\t\n\t\t>\r\n\t\t\t<a class=\"btn btn-c1 btn-flat btn-md\"  href=\"\/nl\/services\/invisalign\/invisalign-videos\/\"\r\n\t\t\t   \t\t>\r\n\t\t\tInvisalign-video&#039;s\t\t\r\n\t\t<\/a>\r\n\t\r\n<\/div><\/div><\/div><\/div><\/div><\/div><\/div>","protected":false},"excerpt":{"rendered":"<p>Familietandheelkunde is voor pati\u00ebnten van alle leeftijden en biedt complete, uitgebreide tandheelkundige zorg.<\/p>","protected":false},"author":1,"featured_media":2785,"parent":2823,"menu_order":0,"comment_status":"closed","ping_status":"closed","template":"","meta":{"_coblocks_attr":"","_coblocks_dimensions":"","_coblocks_responsive_height":"","_coblocks_accordion_ie_support":"","footnotes":""},"class_list":["post-2848","page","type-page","status-publish","has-post-thumbnail","hentry"],"_links":{"self":[{"href":"https:\/\/orthodontieaandemaas.nl\/nl\/wp-json\/wp\/v2\/pages\/2848","targetHints":{"allow":["GET"]}}],"collection":[{"href":"https:\/\/orthodontieaandemaas.nl\/nl\/wp-json\/wp\/v2\/pages"}],"about":[{"href":"https:\/\/orthodontieaandemaas.nl\/nl\/wp-json\/wp\/v2\/types\/page"}],"author":[{"embeddable":true,"href":"https:\/\/orthodontieaandemaas.nl\/nl\/wp-json\/wp\/v2\/users\/1"}],"replies":[{"embeddable":true,"href":"https:\/\/orthodontieaandemaas.nl\/nl\/wp-json\/wp\/v2\/comments?post=2848"}],"version-history":[{"count":8,"href":"https:\/\/orthodontieaandemaas.nl\/nl\/wp-json\/wp\/v2\/pages\/2848\/revisions"}],"predecessor-version":[{"id":3205,"href":"https:\/\/orthodontieaandemaas.nl\/nl\/wp-json\/wp\/v2\/pages\/2848\/revisions\/3205"}],"up":[{"embeddable":true,"href":"https:\/\/orthodontieaandemaas.nl\/nl\/wp-json\/wp\/v2\/pages\/2823"}],"wp:featuredmedia":[{"embeddable":true,"href":"https:\/\/orthodontieaandemaas.nl\/nl\/wp-json\/wp\/v2\/media\/2785"}],"wp:attachment":[{"href":"https:\/\/orthodontieaandemaas.nl\/nl\/wp-json\/wp\/v2\/media?parent=2848"}],"curies":[{"name":"wp","href":"https:\/\/api.w.org\/{rel}","templated":true}]}}