{"id":2805,"date":"2020-01-21T19:32:17","date_gmt":"2020-01-21T19:32:17","guid":{"rendered":"https:\/\/orthodontieaandemaas.nl\/?page_id=2805"},"modified":"2020-01-21T19:38:18","modified_gmt":"2020-01-21T19:38:18","slug":"orthodontics-faqs","status":"publish","type":"page","link":"https:\/\/orthodontieaandemaas.nl\/nl\/treatments\/orthodontics\/orthodontics-faqs\/","title":{"rendered":"Veelgestelde vragen over orthodontie"},"content":{"rendered":"<div id=\"pl-2805\"  class=\"panel-layout\" ><div id=\"pg-2805-0\"  class=\"panel-grid panel-has-style\" ><div class=\"divider-no-animation tablet-1-in-row mobile-1-in-row desktop-default panel-row-style panel-row-style-for-2805-0\" ><div id=\"pgc-2805-0-0\"  class=\"panel-grid-cell\" ><div id=\"panel-2805-0-0-0\" class=\"so-panel widget widget_orion_heading_w panel-first-child\" data-index=\"0\" ><div class=\"orion mobile-text-center tablets-text-center default panel-widget-style panel-widget-style-for-2805-0-0-0\" ><div\n\t\t\t\n\t\t\tclass=\"so-widget-orion_heading_w so-widget-orion_heading_w-base\"\n\t\t\t\n\t\t> \r\n\t\t\t<div class=\"row orion-heading\" style=\"margin-bottom:0px;\">\r\n\t\t<div class=\"col-md-12  separator-style-1 text-left style-h6 style-primary-color\">\r\n\t\t\t<h6 class=\"primary-color\">\r\n\t\t\t\tOrthodontie\t\t\t<\/h6>\r\n\t\t<\/div>\r\n\t<\/div>\r\n\r\n\t<\/div><\/div><\/div><div id=\"panel-2805-0-0-1\" class=\"so-panel widget widget_orion_heading_w panel-last-child\" data-index=\"1\" ><div class=\"orion mobile-text-center tablets-text-center default panel-widget-style panel-widget-style-for-2805-0-0-1\" ><div\n\t\t\t\n\t\t\tclass=\"so-widget-orion_heading_w so-widget-orion_heading_w-base\"\n\t\t\t\n\t\t> \r\n\t\t\t<div class=\"row orion-heading\" style=\"margin-bottom:0px;\">\r\n\t\t<div class=\"col-md-12   text-left style-h2 style-text-dark\">\r\n\t\t\t<h2 class=\"text-dark\">\r\n\t\t\t\tVeelgestelde vragen over orthodontie\t\t\t<\/h2>\r\n\t\t<\/div>\r\n\t<\/div>\r\n\r\n\t<\/div><\/div><\/div><\/div><div id=\"pgc-2805-0-1\"  class=\"panel-grid-cell\" ><div id=\"panel-2805-0-1-0\" class=\"so-panel widget widget_orion_image_w panel-first-child panel-last-child\" data-index=\"2\" ><div class=\"orion mobile-text-center tablets-text-center default panel-widget-style panel-widget-style-for-2805-0-1-0\" ><div\n\t\t\t\n\t\t\tclass=\"so-widget-orion_image_w so-widget-orion_image_w-base\"\n\t\t\t\n\t\t>\r\n<div class=\"image-w relative rounded\">\r\n\r\n\t\t\t\t\t\t\t<div class=\"orion_circle image-wrap rounded overlay-none overlay-hover-none\">\r\n\t\t\r\n\t\t\t\t<div class=\"circle-wrap\">\r\n\t\t\t\t\t<img loading=\"lazy\" decoding=\"async\" width=\"750\" height=\"750\" src=\"https:\/\/orthodontieaandemaas.nl\/wp-content\/uploads\/2020\/01\/qtq80-1w7VgP-750x750.jpeg\" class=\"attachment-orion_square size-orion_square\" alt=\"\" \/>\t\t\t<div class=\"overlay\"><\/div>\r\n\t\t\t\t<\/div>\r\n\t\t\r\n\t\t\t\t\t<\/div>\r\n\t\t\t\r\n\t\r\n\t<div class=\"absolute\">\r\n\t\t<div class=\"hover-desc table-wrap\">\r\n\t\t\t<div class=\"cell-wrap\">\r\n\t\t\t\t<h4 class=\"text-light\"><\/h4>\r\n\t\t\t<\/div>\r\n\t\t<\/div>\r\n\t<\/div>\t\t\t\t\t\r\n<\/div>\r\n\r\n<\/div><\/div><\/div><\/div><\/div><\/div><div id=\"pg-2805-1\"  class=\"panel-grid panel-has-style\" ><div class=\"divider-no-animation tablet-default mobile-1-in-row desktop-default panel-row-style panel-row-style-for-2805-1\" ><div id=\"pgc-2805-1-0\"  class=\"panel-grid-cell\" ><div id=\"panel-2805-1-0-0\" class=\"so-panel widget widget_orion_heading_w panel-first-child\" data-index=\"3\" ><div class=\"orion mobile-text-center tablets-text-center default panel-widget-style panel-widget-style-for-2805-1-0-0\" ><div\n\t\t\t\n\t\t\tclass=\"so-widget-orion_heading_w so-widget-orion_heading_w-base\"\n\t\t\t\n\t\t> \r\n\t\t\t<div class=\"row orion-heading\" style=\"margin-bottom:0px;\">\r\n\t\t<div class=\"col-md-12   text-left style-h2 style-text-dark\">\r\n\t\t\t<h2 class=\"text-dark\">\r\n\t\t\t\tVeelgestelde vragen\t\t\t<\/h2>\r\n\t\t<\/div>\r\n\t<\/div>\r\n\r\n\t<\/div><\/div><\/div><div id=\"panel-2805-1-0-1\" class=\"so-panel widget widget_sow-editor panel-last-child\" data-index=\"4\" ><div class=\"orion mobile-text-center tablets-text-center default panel-widget-style panel-widget-style-for-2805-1-0-1\" ><div\n\t\t\t\n\t\t\tclass=\"so-widget-sow-editor so-widget-sow-editor-base\"\n\t\t\t\n\t\t>\n<div class=\"siteorigin-widget-tinymce textwidget\">\n\t<h2>Wat is orthodontie?<\/h2>\n<p>Orthodontie (ook wel dentofaciale orthopedie genoemd) is een gespecialiseerde vorm van tandheelkunde die zich richt op de diagnose, preventie en behandeling van tand- en gezichtsafwijkingen.<\/p>\n<h2>Wie is een orthodontist?<\/h2>\n<p>Een orthodontist is een tandheelkundig specialist die twee tot drie jaar aanvullende opleiding en ervaring heeft gehad. Uw orthodontist kan tanden rechtzetten, een verkeerd uitgelijnde kaakstructuur corrigeren en de functie van uw glimlach verbeteren.<\/p>\n<h2>Wat is de beste leeftijd om naar de orthodontist te gaan?<\/h2>\n<p>Als u het uiterlijk van uw glimlach wilt verbeteren, kan elke leeftijd een goede leeftijd zijn om naar de orthodontist te gaan. De Canadian Association of Orthodontists beveelt aan dat kinderen rond de leeftijd van zeven jaar voor het eerst een orthodontist bezoeken; Orthodontische behandeling is echter niet exclusief voor kinderen en tieners: ongeveer \u00e9\u00e9n op de vijf orthodontische pati\u00ebnten is ouder dan 21 jaar. Of u nu een behandeling voor uzelf of voor een kind overweegt, elk moment is een goed moment om de orthodontist te bezoeken .<\/p>\n<h2>Hoe kan ik voor mijn gebit zorgen als ik een beugel of een beugel draag?<\/h2>\n<ul>\n<li>Denk er ALTIJD aan om je tanden te poetsen na elke maaltijd en minstens \u00e9\u00e9n keer per dag te flossen.<\/li>\n<li>Zorg ervoor dat u tandpasta gebruikt die fluoride bevat en vraag uw orthodontist of familietandarts of u een fluoridespoeling nodig heeft. Zo voorkom je gaatjes!<\/li>\n<li>Als u uw houder eruit haalt om te eten, zorg er dan voor dat u uw tanden poetst, flost en vergeet niet om het veilig in de container te bewaren, zodat het niet kwijtraakt of kapot gaat.<\/li>\n<li>Houd ook je houder schoon door hem voorzichtig te poetsen met een tandenborstel en tandpasta. U kunt het ook in prothesereiniger laten weken volgens de instructies van uw orthodontist. Plaats uw houder niet in kokend water of in de vaatwasser.<\/li>\n<li>Probeer tijdens uw behandeling voedingsmiddelen met veel suiker te vermijden, dit verhoogt de hoeveelheid bacteri\u00ebn die in uw mond groeien, waardoor er meer tandplak en mogelijk gaatjes ontstaan.<\/li>\n<li>Vermijd plakkerig en taai voedsel (karamel, kauwgom, gummyberen), hard voedsel (hard snoep, noten, ijsblokjes) of voedsel dat mogelijk in uw beugel kan blijven steken (ma\u00efskolf, zachte bagels, ribben, taffy , enzovoort.).<\/li>\n<li>Zorg ervoor dat u uw routinecontroles plant met uw familietandarts. Het wordt aanbevolen om de tandarts elke zes maanden te blijven bezoeken.<\/li>\n<\/ul>\n<h2>Wat zijn beugels?<\/h2>\n<p>Beugels worden door uw orthodontist gebruikt om u te helpen het uiterlijk van uw glimlach te verbeteren. Er zijn verschillende soorten beugels om uit te kiezen, waaronder:<\/p>\n<ul>\n<li>Bretels wissen<\/li>\n<li>Keramische beugels<\/li>\n<li>linguale beugels<\/li>\n<li>Zelfligerende beugels<\/li>\n<li>Onzichtbare beugels<\/li>\n<li>Traditionele metalen beugels<\/li>\n<\/ul>\n<h2>Als ik een beugel krijg, hoe lang moet ik ze dan dragen?<\/h2>\n<p>De hoeveelheid tijd die in een beugel wordt doorgebracht, is afhankelijk van de individuele pati\u00ebnt, omdat elke glimlach anders reageert op de behandeling. Behandelingstijden kunnen tussen de zes en 30 maanden duren, maar de meeste standaardbehandelingen duren ongeveer 22 maanden.<\/p>\n<h2>Doen beugels pijn?<\/h2>\n<p>Een beugel doet niet vaak pijn, hoewel je een paar dagen wat ongemak kunt voelen als je tanden, tandvlees, wangen en mond wennen aan je nieuwe beugel.<\/p>\n<h2>Moet ik mijn tanden vaker poetsen als ik een beugel heb?<\/h2>\n<p>Met een beugel moet u uw tanden minstens drie keer per dag poetsen om uw tanden, tandvlees en mond gezond en schoon te houden. Regelmatig borstelen helpt om voedsel te verwijderen dat tussen de beugels kan komen te zitten. U moet ook dagelijks flossen om tussen uw beugel te komen waar uw borstel niet bij kan. Uw orthodontist kan u laten zien hoe u goed poetst en flost zodra uw beugel is geplaatst.<\/p>\n<h2>Als ik een beugel heb, moet ik dan nog steeds om de zes maanden naar de tandarts?<\/h2>\n<p>Ja! Sterker nog, het is zelfs nog belangrijker dat pati\u00ebnten die een orthodontische behandeling ondergaan hun tandarts regelmatig bezoeken. Met een beugel kan voedsel vast komen te zitten op plaatsen waar je tandenborstel niet bij kan. Dit zorgt ervoor dat bacteri\u00ebn zich ophopen die kunnen leiden tot gaatjes, gingivitis en tandvleesaandoeningen. Uw tandarts zal nauw samenwerken met uw orthodontist om ervoor te zorgen dat uw tanden schoon en gezond blijven tijdens het dragen van een beugel.<\/p>\n<h2>Zal mijn beugel interfereren met mijn schoolactiviteiten zoals sporten, een instrument bespelen of zingen?<\/h2>\n<p>Het spelen van een instrument of een contactsport kan enige aanpassing vergen wanneer je voor het eerst je beugel krijgt, maar het dragen van een beugel weerhoudt je er niet van om deel te nemen aan een van je schoolactiviteiten. Als u een contactsport beoefent, is het raadzaam een gebitsbeschermer te dragen om uw beugel of apparaat te beschermen.<\/p>\n<h2>Hoe plan ik mijn volgende afspraak in?<\/h2>\n<p>Bel dan gewoon onze praktijk! Onze receptiemedewerkers helpen u graag bij het plannen van uw volgende afspraak wanneer het u uitkomt. Bent u een nieuwe pati\u00ebnt of bent u doorverwezen naar onze praktijk, laat het ons weten en wij zullen u alle informatie verstrekken die u nodig heeft.<\/p>\n<\/div>\n<\/div><\/div><\/div><\/div><\/div><\/div><div id=\"pg-2805-2\"  class=\"panel-grid panel-has-style\" ><div class=\"divider-no-animation tablet-default mobile-1-in-row desktop-default panel-row-style panel-row-style-for-2805-2\" ><div id=\"pgc-2805-2-0\"  class=\"panel-grid-cell\" ><div id=\"panel-2805-2-0-0\" class=\"so-panel widget widget_orion_button_w panel-first-child panel-last-child\" data-index=\"5\" ><div class=\"orion default panel-widget-style panel-widget-style-for-2805-2-0-0\" ><div\n\t\t\t\n\t\t\tclass=\"so-widget-orion_button_w so-widget-orion_button_w-base\"\n\t\t\t\n\t\t>\r\n\t\t\t<a class=\"btn btn-c1 icon-left btn-flat btn-md\"  href=\"\/nl\/services\/orthodontics\/orthodontic-conditions\/\"\r\n\t\t\t   \t\t>\r\n\t\t\t<span class=\"sow-icon-dentalicons2\" data-sow-icon=\"&#xe924;\"\n\t\t \n\t\taria-hidden=\"true\"><\/span>Orthodontische condities\t\t\r\n\t\t<\/a>\r\n\t\r\n<\/div><\/div><\/div><\/div><div id=\"pgc-2805-2-1\"  class=\"panel-grid-cell\" ><div id=\"panel-2805-2-1-0\" class=\"so-panel widget widget_orion_button_w panel-first-child panel-last-child\" data-index=\"6\" ><div class=\"orion default panel-widget-style panel-widget-style-for-2805-2-1-0\" ><div\n\t\t\t\n\t\t\tclass=\"so-widget-orion_button_w so-widget-orion_button_w-base\"\n\t\t\t\n\t\t>\r\n\t\t\t<a class=\"btn btn-c1 icon-left btn-flat btn-md\"  href=\"https:\/\/orthodontieaandemaas.nl\/nl\/pricing\/\"\r\n\t\t\t   \t\t>\r\n\t\t\t<span class=\"sow-icon-fontawesome sow-far\" data-sow-icon=\"&#xf3d1;\"\n\t\t \n\t\taria-hidden=\"true\"><\/span>Prijzen\t\t\r\n\t\t<\/a>\r\n\t\r\n<\/div><\/div><\/div><\/div><div id=\"pgc-2805-2-2\"  class=\"panel-grid-cell\" ><div id=\"panel-2805-2-2-0\" class=\"so-panel widget widget_orion_button_w panel-first-child panel-last-child\" data-index=\"7\" ><div class=\"orion default panel-widget-style panel-widget-style-for-2805-2-2-0\" ><div\n\t\t\t\n\t\t\tclass=\"so-widget-orion_button_w so-widget-orion_button_w-base\"\n\t\t\t\n\t\t>\r\n\t\t\t<a class=\"btn btn-c1 icon-left btn-flat btn-md\"  href=\"https:\/\/orthodontieaandemaas.nl\/nl\/appointments\/\"\r\n\t\t\t   \t\t>\r\n\t\t\t<span class=\"sow-icon-fontawesome sow-far\" data-sow-icon=\"&#xf059;\"\n\t\t \n\t\taria-hidden=\"true\"><\/span>Inschrijven\/ inloggen\t\t\r\n\t\t<\/a>\r\n\t\r\n<\/div><\/div><\/div><\/div><\/div><\/div><\/div>","protected":false},"excerpt":{"rendered":"<p>Familietandheelkunde is voor pati\u00ebnten van alle leeftijden en biedt complete, uitgebreide tandheelkundige zorg.<\/p>","protected":false},"author":1,"featured_media":2806,"parent":1056,"menu_order":0,"comment_status":"closed","ping_status":"closed","template":"","meta":{"_coblocks_attr":"","_coblocks_dimensions":"","_coblocks_responsive_height":"","_coblocks_accordion_ie_support":"","footnotes":""},"class_list":["post-2805","page","type-page","status-publish","has-post-thumbnail","hentry"],"_links":{"self":[{"href":"https:\/\/orthodontieaandemaas.nl\/nl\/wp-json\/wp\/v2\/pages\/2805","targetHints":{"allow":["GET"]}}],"collection":[{"href":"https:\/\/orthodontieaandemaas.nl\/nl\/wp-json\/wp\/v2\/pages"}],"about":[{"href":"https:\/\/orthodontieaandemaas.nl\/nl\/wp-json\/wp\/v2\/types\/page"}],"author":[{"embeddable":true,"href":"https:\/\/orthodontieaandemaas.nl\/nl\/wp-json\/wp\/v2\/users\/1"}],"replies":[{"embeddable":true,"href":"https:\/\/orthodontieaandemaas.nl\/nl\/wp-json\/wp\/v2\/comments?post=2805"}],"version-history":[{"count":4,"href":"https:\/\/orthodontieaandemaas.nl\/nl\/wp-json\/wp\/v2\/pages\/2805\/revisions"}],"predecessor-version":[{"id":2814,"href":"https:\/\/orthodontieaandemaas.nl\/nl\/wp-json\/wp\/v2\/pages\/2805\/revisions\/2814"}],"up":[{"embeddable":true,"href":"https:\/\/orthodontieaandemaas.nl\/nl\/wp-json\/wp\/v2\/pages\/1056"}],"wp:featuredmedia":[{"embeddable":true,"href":"https:\/\/orthodontieaandemaas.nl\/nl\/wp-json\/wp\/v2\/media\/2806"}],"wp:attachment":[{"href":"https:\/\/orthodontieaandemaas.nl\/nl\/wp-json\/wp\/v2\/media?parent=2805"}],"curies":[{"name":"wp","href":"https:\/\/api.w.org\/{rel}","templated":true}]}}