{"id":1154,"date":"2016-10-09T13:08:08","date_gmt":"2016-10-09T13:08:08","guid":{"rendered":"http:\/\/dentalia.orionthemes.com\/demo-1\/?page_id=1154"},"modified":"2021-09-30T00:35:57","modified_gmt":"2021-09-30T00:35:57","slug":"smile-before-after-gallery","status":"publish","type":"page","link":"https:\/\/orthodontieaandemaas.nl\/nl\/smile-before-after-gallery\/","title":{"rendered":"Glimlach voor-na-galerij"},"content":{"rendered":"<div id=\"pl-1154\"  class=\"panel-layout\" ><div id=\"pg-1154-0\"  class=\"panel-grid panel-has-style\" ><div class=\"divider-no-animation tablet-default mobile-1-in-row desktop-default panel-row-style panel-row-style-for-1154-0\" ><div id=\"pgc-1154-0-0\"  class=\"panel-grid-cell\" ><div id=\"panel-1154-0-0-0\" class=\"so-panel widget widget_orion_icon_text_w panel-first-child\" data-index=\"0\" ><div class=\"orion custom default panel-widget-style panel-widget-style-for-1154-0-0-0\" ><div\n\t\t\t\n\t\t\tclass=\"so-widget-orion_icon_text_w so-widget-orion_icon_text_w-base\"\n\t\t\t\n\t\t>\r\n<div class=\"row icon-box-items-wrap grid icon-top\">\r\n \r\n\t\r\n\t\t\r\n\t\t\r\n\t\t\t\t\r\n\t\t\r\n\t\t<div class=\"icon-box-wrap clearfix col-lg-12 col-sm-12 vertical-center\" style=\"margin-bottom:36px;\">\t\t\r\n\r\n\t\t\t\t\t\t\t\t\t\t<div class=\"icon-wrap relative square\">\r\n\t\t\t\t\t<span class=\"sow-icon-genericons\" data-sow-icon=\"&#xf456;\"\n\t\tstyle=\"color: #fff; background-color: #00BCD4\" \n\t\taria-hidden=\"true\"><\/span>\t\t\t\t\t\t\t\t\t<\/div>\r\n\t\t\t\r\n\t\t\t\t\t\t\r\n\r\n\t\t\t\t\t\t<span class=\"description\">Dit zijn foto&#039;s van Dr. Tarek El-Bialy&#039; pati\u00ebnten en behandeling van orthodontische behandelingen. Foto&#039;s zijn alleen voor informatieve doeleinden, omdat de individuele behandelingsresultaten van pati\u00ebnt tot pati\u00ebnt kunnen verschillen. Sommige pati\u00ebnten komen mogelijk niet in aanmerking voor deze behandelingen.<\/span>\r\n\t\t\t\r\n\t\t<\/div>\r\n\t\r\n<\/div><\/div><\/div><\/div><div id=\"panel-1154-0-0-1\" class=\"so-panel widget widget_orion_icon_text_w panel-last-child\" data-index=\"1\" ><div class=\"orion default panel-widget-style panel-widget-style-for-1154-0-0-1\" ><div\n\t\t\t\n\t\t\tclass=\"so-widget-orion_icon_text_w so-widget-orion_icon_text_w-base\"\n\t\t\t\n\t\t>\r\n<div class=\"row icon-box-items-wrap grid short\">\r\n \r\n\t\r\n\t\t\r\n\t\t\r\n\t\t\t\t\r\n\t\t\r\n\t\t<div class=\"icon-box-wrap clearfix col-lg-12 col-sm-12 vertical-center text-center\" style=\"margin-bottom:36px;\">\t\t\r\n\r\n\t\t\t\t\t\t\t\t\t\t<div class=\"icon-wrap absolute text-center square\">\r\n\t\t\t\t\t\t\t\t\t\t\t\t\t\t<\/div>\r\n\t\t\t\r\n\t\t\t\t\t\t\r\n\r\n\t\t\t\t\t\t<span class=\"description\">Schuif naar links &amp; rechts om de voor &amp; na foto&#039;s te zien<\/span>\r\n\t\t\t\r\n\t\t<\/div>\r\n\t\r\n<\/div><\/div><\/div><\/div><\/div><\/div><\/div><div id=\"pg-1154-1\"  class=\"panel-grid panel-has-style\" ><div class=\"divider-no-animation tablet-default mobile-1-in-row panel-row-style panel-row-style-for-1154-1\" ><div id=\"pgc-1154-1-0\"  class=\"panel-grid-cell\" ><div id=\"panel-1154-1-0-0\" class=\"so-panel widget widget_orion_icon_text_w panel-first-child\" data-index=\"2\" ><div class=\"orion default panel-widget-style panel-widget-style-for-1154-1-0-0\" ><div\n\t\t\t\n\t\t\tclass=\"so-widget-orion_icon_text_w so-widget-orion_icon_text_w-base\"\n\t\t\t\n\t\t>\r\n<div class=\"row icon-box-items-wrap grid short\">\r\n \r\n\t\r\n\t\t\r\n\t\t\r\n\t\t\t\t\r\n\t\t\r\n\t\t<div class=\"icon-box-wrap clearfix col-lg-12 col-sm-12 vertical-center text-center\" style=\"margin-bottom:36px;\">\t\t\r\n\r\n\t\t\t\t\t\t\t\t\t\t<div class=\"icon-wrap absolute text-center square\">\r\n\t\t\t\t\t\t\t\t\t\t\t\t\t\t<\/div>\r\n\t\t\t\r\n\t\t\t\t\t\t\r\n\r\n\t\t\t\t\t\t<span class=\"description\">overbeet<\/span>\r\n\t\t\t\r\n\t\t<\/div>\r\n\t\r\n<\/div><\/div><\/div><\/div><div id=\"panel-1154-1-0-1\" class=\"so-panel widget widget_orion_before_after_w panel-last-child\" data-index=\"3\" ><div class=\"orion default panel-widget-style panel-widget-style-for-1154-1-0-1\" ><div\n\t\t\t\n\t\t\tclass=\"so-widget-orion_before_after_w so-widget-orion_before_after_w-base\"\n\t\t\t\n\t\t>\t<div class=\"twentytwenty-container orion-before-after overlay-none overlay-hover-none handle-transparent\" id=\"ba_69fcab2bc8c1d\">\r\n\t\t\t<img decoding=\"async\" src=\"https:\/\/orthodontieaandemaas.nl\/wp-content\/uploads\/2020\/04\/Overbite-Before.jpg\" \r\n\t\t\tclass=\"before\" \r\n\t\t\t\t\t\t\/>\t\r\n\t\t\t\t\t\t<img decoding=\"async\" src=\"https:\/\/orthodontieaandemaas.nl\/wp-content\/uploads\/2020\/04\/Overbite-After.jpg\" class=\"after\" \r\n\t\t\t\t\t\t\/>\r\n\t\t\t\t\t\r\n\t\t<div class=\"overlay\"><\/div>\r\n\t<\/div>\r\n\r\n\t<script>\r\n\tjQuery(window).on('load',function(){\r\n\t\tjQuery(\"#ba_69fcab2bc8c1d\").twentytwenty({\r\n\t\t\tdefault_offset_pct: 0.5, \r\n\t\t\torientation: 'horizontal', \r\n\t\t});\r\n\t});\r\n\t<\/script> <\/div><\/div><\/div><\/div><div id=\"pgc-1154-1-1\"  class=\"panel-grid-cell\" ><div id=\"panel-1154-1-1-0\" class=\"so-panel widget widget_orion_icon_text_w panel-first-child\" data-index=\"4\" ><div class=\"orion default panel-widget-style panel-widget-style-for-1154-1-1-0\" ><div\n\t\t\t\n\t\t\tclass=\"so-widget-orion_icon_text_w so-widget-orion_icon_text_w-base\"\n\t\t\t\n\t\t>\r\n<div class=\"row icon-box-items-wrap grid short\">\r\n \r\n\t\r\n\t\t\r\n\t\t\r\n\t\t\t\t\r\n\t\t\r\n\t\t<div class=\"icon-box-wrap clearfix col-lg-12 col-sm-12 vertical-center text-center\" style=\"margin-bottom:36px;\">\t\t\r\n\r\n\t\t\t\t\t\t\t\t\t\t<div class=\"icon-wrap absolute text-center square\">\r\n\t\t\t\t\t\t\t\t\t\t\t\t\t\t<\/div>\r\n\t\t\t\r\n\t\t\t\t\t\t\r\n\r\n\t\t\t\t\t\t<span class=\"description\">onderbeet<\/span>\r\n\t\t\t\r\n\t\t<\/div>\r\n\t\r\n<\/div><\/div><\/div><\/div><div id=\"panel-1154-1-1-1\" class=\"so-panel widget widget_orion_before_after_w panel-last-child\" data-index=\"5\" ><div class=\"orion default panel-widget-style panel-widget-style-for-1154-1-1-1\" ><div\n\t\t\t\n\t\t\tclass=\"so-widget-orion_before_after_w so-widget-orion_before_after_w-base\"\n\t\t\t\n\t\t>\t<div class=\"twentytwenty-container orion-before-after overlay-none overlay-hover-none handle-transparent\" id=\"ba_69fcab2bc9058\">\r\n\t\t\t<img decoding=\"async\" src=\"https:\/\/orthodontieaandemaas.nl\/wp-content\/uploads\/2020\/04\/Underbite-Before-1.jpg\" \r\n\t\t\tclass=\"before\" \r\n\t\t\t\t\t\t\/>\t\r\n\t\t\t\t\t\t<img decoding=\"async\" src=\"https:\/\/orthodontieaandemaas.nl\/wp-content\/uploads\/2020\/04\/Underbite-After.jpg\" class=\"after\" \r\n\t\t\t\t\t\t\/>\r\n\t\t\t\t\t\r\n\t\t<div class=\"overlay\"><\/div>\r\n\t<\/div>\r\n\r\n\t<script>\r\n\tjQuery(window).on('load',function(){\r\n\t\tjQuery(\"#ba_69fcab2bc9058\").twentytwenty({\r\n\t\t\tdefault_offset_pct: 0.5, \r\n\t\t\torientation: 'horizontal', \r\n\t\t});\r\n\t});\r\n\t<\/script> <\/div><\/div><\/div><\/div><div id=\"pgc-1154-1-2\"  class=\"panel-grid-cell\" ><div id=\"panel-1154-1-2-0\" class=\"so-panel widget widget_orion_icon_text_w panel-first-child\" data-index=\"6\" ><div class=\"orion default panel-widget-style panel-widget-style-for-1154-1-2-0\" ><div\n\t\t\t\n\t\t\tclass=\"so-widget-orion_icon_text_w so-widget-orion_icon_text_w-base\"\n\t\t\t\n\t\t>\r\n<div class=\"row icon-box-items-wrap grid short\">\r\n \r\n\t\r\n\t\t\r\n\t\t\r\n\t\t\t\t\r\n\t\t\r\n\t\t<div class=\"icon-box-wrap clearfix col-lg-12 col-sm-12 vertical-center text-center\" style=\"margin-bottom:36px;\">\t\t\r\n\r\n\t\t\t\t\t\t\t\t\t\t<div class=\"icon-wrap absolute text-center square\">\r\n\t\t\t\t\t\t\t\t\t\t\t\t\t\t<\/div>\r\n\t\t\t\r\n\t\t\t\t\t\t\r\n\r\n\t\t\t\t\t\t<span class=\"description\">Kruisbeet<\/span>\r\n\t\t\t\r\n\t\t<\/div>\r\n\t\r\n<\/div><\/div><\/div><\/div><div id=\"panel-1154-1-2-1\" class=\"so-panel widget widget_orion_before_after_w panel-last-child\" data-index=\"7\" ><div class=\"orion default panel-widget-style panel-widget-style-for-1154-1-2-1\" ><div\n\t\t\t\n\t\t\tclass=\"so-widget-orion_before_after_w so-widget-orion_before_after_w-base\"\n\t\t\t\n\t\t>\t<div class=\"twentytwenty-container orion-before-after overlay-none overlay-hover-none handle-transparent\" id=\"ba_69fcab2bc9352\">\r\n\t\t\t<img decoding=\"async\" src=\"https:\/\/orthodontieaandemaas.nl\/wp-content\/uploads\/2020\/04\/Crossbite-Before.jpg\" \r\n\t\t\tclass=\"before\" \r\n\t\t\t\t\t\t\/>\t\r\n\t\t\t\t\t\t<img decoding=\"async\" src=\"https:\/\/orthodontieaandemaas.nl\/wp-content\/uploads\/2020\/04\/Crossbite-After.jpg\" class=\"after\" \r\n\t\t\t\t\t\t\/>\r\n\t\t\t\t\t\r\n\t\t<div class=\"overlay\"><\/div>\r\n\t<\/div>\r\n\r\n\t<script>\r\n\tjQuery(window).on('load',function(){\r\n\t\tjQuery(\"#ba_69fcab2bc9352\").twentytwenty({\r\n\t\t\tdefault_offset_pct: 0.5, \r\n\t\t\torientation: 'horizontal', \r\n\t\t});\r\n\t});\r\n\t<\/script> <\/div><\/div><\/div><\/div><\/div><\/div><div id=\"pg-1154-2\"  class=\"panel-grid panel-has-style\" ><div class=\"divider-no-animation tablet-default mobile-1-in-row panel-row-style panel-row-style-for-1154-2\" ><div id=\"pgc-1154-2-0\"  class=\"panel-grid-cell\" ><div id=\"panel-1154-2-0-0\" class=\"so-panel widget widget_orion_icon_text_w panel-first-child\" data-index=\"8\" ><div class=\"orion default panel-widget-style panel-widget-style-for-1154-2-0-0\" ><div\n\t\t\t\n\t\t\tclass=\"so-widget-orion_icon_text_w so-widget-orion_icon_text_w-base\"\n\t\t\t\n\t\t>\r\n<div class=\"row icon-box-items-wrap grid short\">\r\n \r\n\t\r\n\t\t\r\n\t\t\r\n\t\t\t\t\r\n\t\t\r\n\t\t<div class=\"icon-box-wrap clearfix col-lg-12 col-sm-12 vertical-center text-center\" style=\"margin-bottom:36px;\">\t\t\r\n\r\n\t\t\t\t\t\t\t\t\t\t<div class=\"icon-wrap absolute text-center square\">\r\n\t\t\t\t\t\t\t\t\t\t\t\t\t\t<\/div>\r\n\t\t\t\r\n\t\t\t\t\t\t\r\n\r\n\t\t\t\t\t\t<span class=\"description\">Diastemen tussen de tanden<\/span>\r\n\t\t\t\r\n\t\t<\/div>\r\n\t\r\n<\/div><\/div><\/div><\/div><div id=\"panel-1154-2-0-1\" class=\"so-panel widget widget_orion_before_after_w panel-last-child\" data-index=\"9\" ><div class=\"orion default panel-widget-style panel-widget-style-for-1154-2-0-1\" ><div\n\t\t\t\n\t\t\tclass=\"so-widget-orion_before_after_w so-widget-orion_before_after_w-base\"\n\t\t\t\n\t\t>\t<div class=\"twentytwenty-container orion-before-after overlay-none overlay-hover-none handle-transparent\" id=\"ba_69fcab2bc974f\">\r\n\t\t\t<img decoding=\"async\" src=\"https:\/\/orthodontieaandemaas.nl\/wp-content\/uploads\/2020\/04\/Gapped-Before.jpg\" \r\n\t\t\tclass=\"before\" \r\n\t\t\t\t\t\t\/>\t\r\n\t\t\t\t\t\t<img decoding=\"async\" src=\"https:\/\/orthodontieaandemaas.nl\/wp-content\/uploads\/2020\/04\/Gapped-After.jpg\" class=\"after\" \r\n\t\t\t\t\t\t\/>\r\n\t\t\t\t\t\r\n\t\t<div class=\"overlay\"><\/div>\r\n\t<\/div>\r\n\r\n\t<script>\r\n\tjQuery(window).on('load',function(){\r\n\t\tjQuery(\"#ba_69fcab2bc974f\").twentytwenty({\r\n\t\t\tdefault_offset_pct: 0.5, \r\n\t\t\torientation: 'horizontal', \r\n\t\t});\r\n\t});\r\n\t<\/script> <\/div><\/div><\/div><\/div><div id=\"pgc-1154-2-1\"  class=\"panel-grid-cell\" ><div id=\"panel-1154-2-1-0\" class=\"so-panel widget widget_orion_icon_text_w panel-first-child\" data-index=\"10\" ><div class=\"orion default panel-widget-style panel-widget-style-for-1154-2-1-0\" ><div\n\t\t\t\n\t\t\tclass=\"so-widget-orion_icon_text_w so-widget-orion_icon_text_w-base\"\n\t\t\t\n\t\t>\r\n<div class=\"row icon-box-items-wrap grid short\">\r\n \r\n\t\r\n\t\t\r\n\t\t\r\n\t\t\t\t\r\n\t\t\r\n\t\t<div class=\"icon-box-wrap clearfix col-lg-12 col-sm-12 vertical-center text-center\" style=\"margin-bottom:36px;\">\t\t\r\n\r\n\t\t\t\t\t\t\t\t\t\t<div class=\"icon-wrap absolute text-center square\">\r\n\t\t\t\t\t\t\t\t\t\t\t\t\t\t<\/div>\r\n\t\t\t\r\n\t\t\t\t\t\t\r\n\r\n\t\t\t\t\t\t<span class=\"description\">Open beet<\/span>\r\n\t\t\t\r\n\t\t<\/div>\r\n\t\r\n<\/div><\/div><\/div><\/div><div id=\"panel-1154-2-1-1\" class=\"so-panel widget widget_orion_before_after_w panel-last-child\" data-index=\"11\" ><div class=\"orion default panel-widget-style panel-widget-style-for-1154-2-1-1\" ><div\n\t\t\t\n\t\t\tclass=\"so-widget-orion_before_after_w so-widget-orion_before_after_w-base\"\n\t\t\t\n\t\t>\t<div class=\"twentytwenty-container orion-before-after overlay-none overlay-hover-none handle-transparent\" id=\"ba_69fcab2bc9a1c\">\r\n\t\t\t<img decoding=\"async\" src=\"https:\/\/orthodontieaandemaas.nl\/wp-content\/uploads\/2020\/04\/Openbite-Before.jpg\" \r\n\t\t\tclass=\"before\" \r\n\t\t\t\t\t\t\/>\t\r\n\t\t\t\t\t\t<img decoding=\"async\" src=\"https:\/\/orthodontieaandemaas.nl\/wp-content\/uploads\/2020\/04\/Openbite-After.jpg\" class=\"after\" \r\n\t\t\t\t\t\t\/>\r\n\t\t\t\t\t\r\n\t\t<div class=\"overlay\"><\/div>\r\n\t<\/div>\r\n\r\n\t<script>\r\n\tjQuery(window).on('load',function(){\r\n\t\tjQuery(\"#ba_69fcab2bc9a1c\").twentytwenty({\r\n\t\t\tdefault_offset_pct: 0.5, \r\n\t\t\torientation: 'horizontal', \r\n\t\t});\r\n\t});\r\n\t<\/script> <\/div><\/div><\/div><\/div><div id=\"pgc-1154-2-2\"  class=\"panel-grid-cell\" ><div id=\"panel-1154-2-2-0\" class=\"so-panel widget widget_orion_icon_text_w panel-first-child\" data-index=\"12\" ><div class=\"orion default panel-widget-style panel-widget-style-for-1154-2-2-0\" ><div\n\t\t\t\n\t\t\tclass=\"so-widget-orion_icon_text_w so-widget-orion_icon_text_w-base\"\n\t\t\t\n\t\t>\r\n<div class=\"row icon-box-items-wrap grid short\">\r\n \r\n\t\r\n\t\t\r\n\t\t\r\n\t\t\t\t\r\n\t\t\r\n\t\t<div class=\"icon-box-wrap clearfix col-lg-12 col-sm-12 vertical-center text-center\" style=\"margin-bottom:36px;\">\t\t\r\n\r\n\t\t\t\t\t\t\t\t\t\t<div class=\"icon-wrap absolute text-center square\">\r\n\t\t\t\t\t\t\t\t\t\t\t\t\t\t<\/div>\r\n\t\t\t\r\n\t\t\t\t\t\t\r\n\r\n\t\t\t\t\t\t<span class=\"description\">Overvolle tanden<\/span>\r\n\t\t\t\r\n\t\t<\/div>\r\n\t\r\n<\/div><\/div><\/div><\/div><div id=\"panel-1154-2-2-1\" class=\"so-panel widget widget_orion_before_after_w panel-last-child\" data-index=\"13\" ><div class=\"orion default panel-widget-style panel-widget-style-for-1154-2-2-1\" ><div\n\t\t\t\n\t\t\tclass=\"so-widget-orion_before_after_w so-widget-orion_before_after_w-base\"\n\t\t\t\n\t\t>\t<div class=\"twentytwenty-container orion-before-after overlay-none overlay-hover-none handle-transparent\" id=\"ba_69fcab2bc9ee4\">\r\n\t\t\t<img decoding=\"async\" src=\"https:\/\/orthodontieaandemaas.nl\/wp-content\/uploads\/2020\/04\/Crowded-Before.jpg\" \r\n\t\t\tclass=\"before\" \r\n\t\t\t\t\t\t\/>\t\r\n\t\t\t\t\t\t<img decoding=\"async\" src=\"https:\/\/orthodontieaandemaas.nl\/wp-content\/uploads\/2020\/04\/Crowded-After.jpg\" class=\"after\" \r\n\t\t\t\t\t\t\/>\r\n\t\t\t\t\t\r\n\t\t<div class=\"overlay\"><\/div>\r\n\t<\/div>\r\n\r\n\t<script>\r\n\tjQuery(window).on('load',function(){\r\n\t\tjQuery(\"#ba_69fcab2bc9ee4\").twentytwenty({\r\n\t\t\tdefault_offset_pct: 0.5, \r\n\t\t\torientation: 'horizontal', \r\n\t\t});\r\n\t});\r\n\t<\/script> <\/div><\/div><\/div><\/div><\/div><\/div><div id=\"pg-1154-3\"  class=\"panel-grid panel-has-style\" ><div class=\"divider-no-animation tablet-default mobile-1-in-row desktop-default panel-row-style panel-row-style-for-1154-3\" ><div id=\"pgc-1154-3-0\"  class=\"panel-grid-cell panel-grid-cell-empty\" ><\/div><div id=\"pgc-1154-3-1\"  class=\"panel-grid-cell panel-grid-cell-mobile-last\" ><div id=\"panel-1154-3-1-0\" class=\"so-panel widget widget_orion_button_w panel-first-child panel-last-child\" data-index=\"14\" ><div class=\"orion default panel-widget-style panel-widget-style-for-1154-3-1-0\" ><div\n\t\t\t\n\t\t\tclass=\"so-widget-orion_button_w so-widget-orion_button_w-base\"\n\t\t\t\n\t\t>\t<div class=\"wrapper block\" style=\"text-align:center\">\r\n\r\n\t\t\t<a class=\"btn btn-c1 icon-left btn-flat btn-md\"  href=\"https:\/\/providerbio.invisalign.com\/sv\/telbialy#start\"\r\n\t\t\t   \t\t>\r\n\t\t\t<span class=\"sow-icon-fontawesome sow-fas\" data-sow-icon=\"&#xf030;\"\n\t\t \n\t\taria-hidden=\"true\"><\/span>Online lachsimulator\t\t\r\n\t\t<\/a>\r\n\t\r\n<\/div>\r\n<\/div><\/div><\/div><\/div><div id=\"pgc-1154-3-2\"  class=\"panel-grid-cell panel-grid-cell-empty\" ><\/div><\/div><\/div><\/div>","protected":false},"excerpt":{"rendered":"<p>Dit zijn foto&#039;s van Dr. Tarek El-Bialy&#039; pati\u00ebnten en behandeling van orthodontische behandelingen. Foto&#039;s zijn alleen voor informatieve doeleinden, omdat de individuele behandelingsresultaten van pati\u00ebnt tot pati\u00ebnt kunnen verschillen. Sommige pati\u00ebnten komen mogelijk niet in aanmerking voor deze behandelingen. Schuif naar links &amp; rechts om de voor &amp; na foto&#039;s te zien Overbeet Onderbeet Kruisbeet Gaten tussen de<\/p>","protected":false},"author":1,"featured_media":0,"parent":0,"menu_order":0,"comment_status":"closed","ping_status":"closed","template":"","meta":{"_coblocks_attr":"","_coblocks_dimensions":"","_coblocks_responsive_height":"","_coblocks_accordion_ie_support":"","footnotes":""},"class_list":["post-1154","page","type-page","status-publish","hentry"],"_links":{"self":[{"href":"https:\/\/orthodontieaandemaas.nl\/nl\/wp-json\/wp\/v2\/pages\/1154","targetHints":{"allow":["GET"]}}],"collection":[{"href":"https:\/\/orthodontieaandemaas.nl\/nl\/wp-json\/wp\/v2\/pages"}],"about":[{"href":"https:\/\/orthodontieaandemaas.nl\/nl\/wp-json\/wp\/v2\/types\/page"}],"author":[{"embeddable":true,"href":"https:\/\/orthodontieaandemaas.nl\/nl\/wp-json\/wp\/v2\/users\/1"}],"replies":[{"embeddable":true,"href":"https:\/\/orthodontieaandemaas.nl\/nl\/wp-json\/wp\/v2\/comments?post=1154"}],"version-history":[{"count":31,"href":"https:\/\/orthodontieaandemaas.nl\/nl\/wp-json\/wp\/v2\/pages\/1154\/revisions"}],"predecessor-version":[{"id":3479,"href":"https:\/\/orthodontieaandemaas.nl\/nl\/wp-json\/wp\/v2\/pages\/1154\/revisions\/3479"}],"wp:attachment":[{"href":"https:\/\/orthodontieaandemaas.nl\/nl\/wp-json\/wp\/v2\/media?parent=1154"}],"curies":[{"name":"wp","href":"https:\/\/api.w.org\/{rel}","templated":true}]}}